{"id":101,"date":"2019-03-11T18:41:02","date_gmt":"2019-03-11T18:41:02","guid":{"rendered":"https:\/\/wp.sunnehofai.ch\/?page_id=101"},"modified":"2023-04-02T17:05:25","modified_gmt":"2023-04-02T17:05:25","slug":"schnitzelheizung","status":"publish","type":"page","link":"https:\/\/sunnehofai.ch\/?page_id=101","title":{"rendered":"Holz \/ Schnitzelheizung"},"content":{"rendered":"\n<div class=\"wp-block-media-text alignwide is-stacked-on-mobile is-vertically-aligned-center\"><figure class=\"wp-block-media-text__media\"><img loading=\"lazy\" decoding=\"async\" width=\"576\" height=\"768\" data-attachment-id=\"1089\" data-permalink=\"https:\/\/sunnehofai.ch\/?attachment_id=1089\" data-orig-file=\"https:\/\/sunnehofai.ch\/wp-content\/uploads\/2020\/01\/schn2.jpg\" data-orig-size=\"576,768\" data-comments-opened=\"1\" data-image-meta=\"{&quot;aperture&quot;:&quot;0&quot;,&quot;credit&quot;:&quot;&quot;,&quot;camera&quot;:&quot;&quot;,&quot;caption&quot;:&quot;&quot;,&quot;created_timestamp&quot;:&quot;0&quot;,&quot;copyright&quot;:&quot;&quot;,&quot;focal_length&quot;:&quot;0&quot;,&quot;iso&quot;:&quot;0&quot;,&quot;shutter_speed&quot;:&quot;0&quot;,&quot;title&quot;:&quot;&quot;,&quot;orientation&quot;:&quot;0&quot;}\" data-image-title=\"schn2\" data-image-description=\"\" data-image-caption=\"\" data-large-file=\"https:\/\/sunnehofai.ch\/wp-content\/uploads\/2020\/01\/schn2.jpg\" src=\"https:\/\/sunnehofai.ch\/wp-content\/uploads\/2020\/01\/schn2.jpg\" alt=\"\" class=\"wp-image-1089 size-full\" srcset=\"https:\/\/sunnehofai.ch\/wp-content\/uploads\/2020\/01\/schn2.jpg 576w, https:\/\/sunnehofai.ch\/wp-content\/uploads\/2020\/01\/schn2-225x300.jpg 225w\" sizes=\"auto, (max-width: 576px) 100vw, 576px\" \/><\/figure><div class=\"wp-block-media-text__content\">\n<p>Zu unserem Landwirtschaftsbetrieb geh\u00f6ren 8.5 ha Wald.<\/p>\n\n\n\n<p><br>Jeden Winter f\u00e4llen wir ca.150m3 Holz. Aus den sch\u00f6nen Tannen wird Bauholz gemacht. Das heisst, wir schneiden die St\u00e4mme zu, so dass wir sie dann am Waldrand vor Ort mit einem S\u00e4ger, der eine mobile S\u00e4gerei hat an Ort zu Bretter, Balken nach Bedarf und Wunsch zus\u00e4gen k\u00f6nnen.<br><\/p>\n\n\n\n<p>Hartholz wie Esche, Buche, Eiche und Astmaterial von Stauden, wie auch die Tannenspitze werden f\u00fcr Schnitzelholz verwendet. Dieses wird in unseren Holzschnitzelheizungen verwendet. Wir bewarten zwei Schnitzelheizungen wo wir f\u00fcr acht Wohnungen Schnitzelholz liefern. Das braucht j\u00e4hrlich ca. 200m3 Schnitzel f\u00fcr Heizung und Warmwasser.<\/p>\n\n\n\n<p><br>Beim Holzschlag achten wir auf nachhaltige Bewirtschaftung. So achten wir auf nat\u00fcrliche Verj\u00fcngung des Baumbestandes. Wir machen keinen Kahlschlag. Wichtig ist, dass in einem Waldst\u00fcck immer Tannen und Laubholzb\u00e4ume stehen bleiben und sich S\u00e4mlinge vermehren k\u00f6nnen.<\/p>\n<\/div><\/div>\n\n\n\n<p><\/p>\n\n\n\n<figure class=\"wp-block-image\"><img loading=\"lazy\" decoding=\"async\" width=\"1024\" height=\"768\" data-attachment-id=\"1035\" data-permalink=\"https:\/\/sunnehofai.ch\/?attachment_id=1035\" data-orig-file=\"https:\/\/sunnehofai.ch\/wp-content\/uploads\/2020\/01\/DSCN8194-scaled.jpg\" data-orig-size=\"2560,1920\" data-comments-opened=\"1\" data-image-meta=\"{&quot;aperture&quot;:&quot;3.5&quot;,&quot;credit&quot;:&quot;&quot;,&quot;camera&quot;:&quot;COOLPIX S9&quot;,&quot;caption&quot;:&quot;&quot;,&quot;created_timestamp&quot;:&quot;1355327061&quot;,&quot;copyright&quot;:&quot;&quot;,&quot;focal_length&quot;:&quot;6.4&quot;,&quot;iso&quot;:&quot;64&quot;,&quot;shutter_speed&quot;:&quot;0.011100011100011&quot;,&quot;title&quot;:&quot;&quot;,&quot;orientation&quot;:&quot;1&quot;}\" data-image-title=\"DSCN8194\" data-image-description=\"\" data-image-caption=\"\" data-large-file=\"https:\/\/sunnehofai.ch\/wp-content\/uploads\/2020\/01\/DSCN8194-1024x768.jpg\" src=\"https:\/\/sunnehofai.ch\/wp-content\/uploads\/2020\/01\/DSCN8194-1024x768.jpg\" alt=\"\" class=\"wp-image-1035\" srcset=\"https:\/\/sunnehofai.ch\/wp-content\/uploads\/2020\/01\/DSCN8194-1024x768.jpg 1024w, https:\/\/sunnehofai.ch\/wp-content\/uploads\/2020\/01\/DSCN8194-300x225.jpg 300w, https:\/\/sunnehofai.ch\/wp-content\/uploads\/2020\/01\/DSCN8194-768x576.jpg 768w, https:\/\/sunnehofai.ch\/wp-content\/uploads\/2020\/01\/DSCN8194-1536x1152.jpg 1536w, https:\/\/sunnehofai.ch\/wp-content\/uploads\/2020\/01\/DSCN8194-2048x1536.jpg 2048w\" sizes=\"auto, (max-width: 1024px) 100vw, 1024px\" \/><\/figure>\n","protected":false},"excerpt":{"rendered":"<p>Zu unserem Landwirtschaftsbetrieb geh\u00f6ren 8.5 ha Wald. Jeden Winter f\u00e4llen wir ca.150m3 Holz. Aus den sch\u00f6nen Tannen wird Bauholz gemacht. Das heisst, wir schneiden die St\u00e4mme zu, so dass wir sie dann am Waldrand vor Ort mit einem S\u00e4ger, der eine mobile S\u00e4gerei hat an Ort zu Bretter, Balken nach Bedarf und Wunsch zus\u00e4gen k\u00f6nnen. [&hellip;]<\/p>\n","protected":false},"author":2,"featured_media":0,"parent":0,"menu_order":0,"comment_status":"closed","ping_status":"closed","template":"","meta":{"zakra_page_container_layout":"centered","zakra_page_sidebar_layout":"no_sidebar","zakra_remove_content_margin":false,"zakra_sidebar":"customizer","zakra_transparent_header":"0","zakra_logo":0,"zakra_main_header_style":"default","zakra_menu_item_color":"","zakra_menu_item_hover_color":"","zakra_menu_item_active_color":"","zakra_menu_active_style":"","zakra_page_header":true,"footnotes":""},"class_list":["post-101","page","type-page","status-publish","hentry"],"jetpack_sharing_enabled":true,"jetpack-related-posts":[{"id":1317,"url":"https:\/\/sunnehofai.ch\/?page_id=1317","url_meta":{"origin":101,"position":0},"title":"Verkauf","author":"Leandra","date":"April 5, 2020","format":false,"excerpt":"Nistk\u00e4sten Nistkasten unbehandelt aus eigenem Tannenholz.32 Franken pro St\u00fcck Nistkasten f\u00fcr Meise Nistkasten f\u00fcr Hausrotschwanz Nistkasten f\u00fcr Marienk\u00e4fer Nistkasten f\u00fcr Mauersegler Gef\u00e4llt Ihnen etwas davon und m\u00f6chten Sie dies gerne kaufen finden sie die Anleitung daf\u00fcr unter: Hauslieferung","rel":"","context":"\u00c4hnlicher Beitrag","block_context":{"text":"\u00c4hnlicher Beitrag","link":""},"img":{"alt_text":"","src":"https:\/\/i0.wp.com\/sunnehofai.ch\/wp-content\/uploads\/2020\/04\/WhatsApp-Image-2020-04-05-at-15.56.54.jpeg?resize=350%2C200&ssl=1","width":350,"height":200,"srcset":"https:\/\/i0.wp.com\/sunnehofai.ch\/wp-content\/uploads\/2020\/04\/WhatsApp-Image-2020-04-05-at-15.56.54.jpeg?resize=350%2C200&ssl=1 1x, https:\/\/i0.wp.com\/sunnehofai.ch\/wp-content\/uploads\/2020\/04\/WhatsApp-Image-2020-04-05-at-15.56.54.jpeg?resize=525%2C300&ssl=1 1.5x, https:\/\/i0.wp.com\/sunnehofai.ch\/wp-content\/uploads\/2020\/04\/WhatsApp-Image-2020-04-05-at-15.56.54.jpeg?resize=700%2C400&ssl=1 2x, https:\/\/i0.wp.com\/sunnehofai.ch\/wp-content\/uploads\/2020\/04\/WhatsApp-Image-2020-04-05-at-15.56.54.jpeg?resize=1050%2C600&ssl=1 3x"},"classes":[]},{"id":68,"url":"https:\/\/sunnehofai.ch\/?page_id=68","url_meta":{"origin":101,"position":1},"title":"Betrieb","author":"Leandra","date":"M\u00e4rz 11, 2019","format":false,"excerpt":"Mit Sicht auf das Vorarlberg, verw\u00f6hnt von Sonne und umgeben von steilen Wiesenh\u00e4ngenleben wir auf unserem Bio-Landwirtschaftsbetrieb. Auf 650m \u00fc. M. in der BZ 1 bewirtschaften wir seit 1989 unseren Hof. Seit 1991 produzierenwir nach den Richtlinien der Bio Suisse, nach dem Motto: ist die Knospe drauf ist Bio drin.\u2026","rel":"","context":"\u00c4hnlicher Beitrag","block_context":{"text":"\u00c4hnlicher Beitrag","link":""},"img":{"alt_text":"","src":"https:\/\/i0.wp.com\/sunnehofai.ch\/wp-content\/uploads\/2023\/04\/WhatsApp-Image-2023-03-25-at-08.49.57-1-1.jpeg?resize=350%2C200&ssl=1","width":350,"height":200,"srcset":"https:\/\/i0.wp.com\/sunnehofai.ch\/wp-content\/uploads\/2023\/04\/WhatsApp-Image-2023-03-25-at-08.49.57-1-1.jpeg?resize=350%2C200&ssl=1 1x, https:\/\/i0.wp.com\/sunnehofai.ch\/wp-content\/uploads\/2023\/04\/WhatsApp-Image-2023-03-25-at-08.49.57-1-1.jpeg?resize=525%2C300&ssl=1 1.5x, https:\/\/i0.wp.com\/sunnehofai.ch\/wp-content\/uploads\/2023\/04\/WhatsApp-Image-2023-03-25-at-08.49.57-1-1.jpeg?resize=700%2C400&ssl=1 2x, https:\/\/i0.wp.com\/sunnehofai.ch\/wp-content\/uploads\/2023\/04\/WhatsApp-Image-2023-03-25-at-08.49.57-1-1.jpeg?resize=1050%2C600&ssl=1 3x, https:\/\/i0.wp.com\/sunnehofai.ch\/wp-content\/uploads\/2023\/04\/WhatsApp-Image-2023-03-25-at-08.49.57-1-1.jpeg?resize=1400%2C800&ssl=1 4x"},"classes":[]},{"id":2664,"url":"https:\/\/sunnehofai.ch\/?page_id=2664","url_meta":{"origin":101,"position":2},"title":"Biodiversit\u00e4t","author":"Leandra","date":"September 8, 2023","format":false,"excerpt":"Als Beitrag zum Uno Jahr der Biodiversit\u00e4t 2010 haben wir eine bestehende Hecke mit Wildobststauden erg\u00e4nzt. Zu den bekannten Heckenpflanzen wie Schwarzdorn, Weissdorn, Berberitze, Liguster, Schwarzer Holunder, Hagebutte, Hartriegel und Schneeball gesellen sich nun Sanddorn, Roter Holunder, Wacholder, Mispel, Pfaffenh\u00fctchen, Felsenbirne, Eberesche (Vogelbeere), Sauerkirschen, Kornelkirschen und Speierling.Die Hecke bietet nebst\u2026","rel":"","context":"\u00c4hnlicher Beitrag","block_context":{"text":"\u00c4hnlicher Beitrag","link":""},"img":{"alt_text":"","src":"https:\/\/i0.wp.com\/sunnehofai.ch\/wp-content\/uploads\/2023\/09\/WhatsApp-Image-2023-03-25-at-09.15.12-1024x462-1.jpeg?resize=350%2C200&ssl=1","width":350,"height":200,"srcset":"https:\/\/i0.wp.com\/sunnehofai.ch\/wp-content\/uploads\/2023\/09\/WhatsApp-Image-2023-03-25-at-09.15.12-1024x462-1.jpeg?resize=350%2C200&ssl=1 1x, https:\/\/i0.wp.com\/sunnehofai.ch\/wp-content\/uploads\/2023\/09\/WhatsApp-Image-2023-03-25-at-09.15.12-1024x462-1.jpeg?resize=525%2C300&ssl=1 1.5x, https:\/\/i0.wp.com\/sunnehofai.ch\/wp-content\/uploads\/2023\/09\/WhatsApp-Image-2023-03-25-at-09.15.12-1024x462-1.jpeg?resize=700%2C400&ssl=1 2x"},"classes":[]}],"_links":{"self":[{"href":"https:\/\/sunnehofai.ch\/index.php?rest_route=\/wp\/v2\/pages\/101","targetHints":{"allow":["GET"]}}],"collection":[{"href":"https:\/\/sunnehofai.ch\/index.php?rest_route=\/wp\/v2\/pages"}],"about":[{"href":"https:\/\/sunnehofai.ch\/index.php?rest_route=\/wp\/v2\/types\/page"}],"author":[{"embeddable":true,"href":"https:\/\/sunnehofai.ch\/index.php?rest_route=\/wp\/v2\/users\/2"}],"replies":[{"embeddable":true,"href":"https:\/\/sunnehofai.ch\/index.php?rest_route=%2Fwp%2Fv2%2Fcomments&post=101"}],"version-history":[{"count":7,"href":"https:\/\/sunnehofai.ch\/index.php?rest_route=\/wp\/v2\/pages\/101\/revisions"}],"predecessor-version":[{"id":2618,"href":"https:\/\/sunnehofai.ch\/index.php?rest_route=\/wp\/v2\/pages\/101\/revisions\/2618"}],"wp:attachment":[{"href":"https:\/\/sunnehofai.ch\/index.php?rest_route=%2Fwp%2Fv2%2Fmedia&parent=101"}],"curies":[{"name":"wp","href":"https:\/\/api.w.org\/{rel}","templated":true}]}}