{"id":2664,"date":"2023-09-08T19:00:45","date_gmt":"2023-09-08T19:00:45","guid":{"rendered":"https:\/\/sunnehofai.ch\/?page_id=2664"},"modified":"2023-09-08T19:08:45","modified_gmt":"2023-09-08T19:08:45","slug":"biodiversitaet","status":"publish","type":"page","link":"https:\/\/sunnehofai.ch\/?page_id=2664","title":{"rendered":"Biodiversit\u00e4t"},"content":{"rendered":"\n<div class=\"wp-block-columns alignwide has-2-columns is-layout-flex wp-container-core-columns-is-layout-28f84493 wp-block-columns-is-layout-flex\">\n<div class=\"wp-block-column is-layout-flow wp-block-column-is-layout-flow\">\n<p>Als Beitrag zum Uno Jahr der Biodiversit\u00e4t 2010 haben wir eine bestehende Hecke mit Wildobststauden erg\u00e4nzt.<\/p>\n\n\n\n<p>Zu den bekannten Heckenpflanzen wie Schwarzdorn, Weissdorn, Berberitze, Liguster, Schwarzer Holunder, Hagebutte, Hartriegel und Schneeball gesellen sich nun Sanddorn, Roter Holunder, Wacholder, Mispel, Pfaffenh\u00fctchen, Felsenbirne, Eberesche (Vogelbeere), Sauerkirschen, Kornelkirschen und Speierling.<br>Die Hecke bietet nebst Unterschlupf auch Nahrung im ganzen Jahr f\u00fcr ca. 140 Insekten, darunter Schmetterlinge, Falter und K\u00e4fer, f\u00fcr viele V\u00f6gel aber auch f\u00fcr S\u00e4ugetiere. Bl\u00fcten, Bl\u00e4tter, die Beeren und Fr\u00fcchte aber auch die Rinde dienen den V\u00f6gel und Insekten als Futter.<\/p>\n\n\n\n<p>Das heimische, zum Teil in Vergessenheit geratene Wildobst liefert auch uns schmackhafte, vitaminreiche Beeren und Fr\u00fcchte.<\/p>\n<\/div>\n\n\n\n<div class=\"wp-block-column is-layout-flow wp-block-column-is-layout-flow\">\n<figure class=\"wp-block-image size-full is-style-default\"><img loading=\"lazy\" decoding=\"async\" width=\"1024\" height=\"462\" data-attachment-id=\"2658\" data-permalink=\"https:\/\/sunnehofai.ch\/?attachment_id=2658\" data-orig-file=\"https:\/\/sunnehofai.ch\/wp-content\/uploads\/2023\/09\/WhatsApp-Image-2023-03-25-at-09.15.12-1024x462-1.jpeg\" data-orig-size=\"1024,462\" data-comments-opened=\"0\" data-image-meta=\"{&quot;aperture&quot;:&quot;0&quot;,&quot;credit&quot;:&quot;&quot;,&quot;camera&quot;:&quot;&quot;,&quot;caption&quot;:&quot;&quot;,&quot;created_timestamp&quot;:&quot;0&quot;,&quot;copyright&quot;:&quot;&quot;,&quot;focal_length&quot;:&quot;0&quot;,&quot;iso&quot;:&quot;0&quot;,&quot;shutter_speed&quot;:&quot;0&quot;,&quot;title&quot;:&quot;&quot;,&quot;orientation&quot;:&quot;0&quot;}\" data-image-title=\"WhatsApp-Image-2023-03-25-at-09.15.12-1024&amp;#215;462-1\" data-image-description=\"\" data-image-caption=\"\" data-large-file=\"https:\/\/sunnehofai.ch\/wp-content\/uploads\/2023\/09\/WhatsApp-Image-2023-03-25-at-09.15.12-1024x462-1.jpeg\" src=\"https:\/\/sunnehofai.ch\/wp-content\/uploads\/2023\/09\/WhatsApp-Image-2023-03-25-at-09.15.12-1024x462-1.jpeg\" alt=\"\" class=\"wp-image-2658\" srcset=\"https:\/\/sunnehofai.ch\/wp-content\/uploads\/2023\/09\/WhatsApp-Image-2023-03-25-at-09.15.12-1024x462-1.jpeg 1024w, https:\/\/sunnehofai.ch\/wp-content\/uploads\/2023\/09\/WhatsApp-Image-2023-03-25-at-09.15.12-1024x462-1-300x135.jpeg 300w, https:\/\/sunnehofai.ch\/wp-content\/uploads\/2023\/09\/WhatsApp-Image-2023-03-25-at-09.15.12-1024x462-1-768x347.jpeg 768w\" sizes=\"auto, (max-width: 1024px) 100vw, 1024px\" \/><\/figure>\n\n\n\n<figure class=\"wp-block-image size-full\"><img loading=\"lazy\" decoding=\"async\" width=\"1024\" height=\"461\" data-attachment-id=\"2659\" data-permalink=\"https:\/\/sunnehofai.ch\/?attachment_id=2659\" data-orig-file=\"https:\/\/sunnehofai.ch\/wp-content\/uploads\/2023\/09\/WhatsApp-Image-2023-03-25-at-09.16.14-1024x461-1.jpeg\" data-orig-size=\"1024,461\" data-comments-opened=\"0\" data-image-meta=\"{&quot;aperture&quot;:&quot;0&quot;,&quot;credit&quot;:&quot;&quot;,&quot;camera&quot;:&quot;&quot;,&quot;caption&quot;:&quot;&quot;,&quot;created_timestamp&quot;:&quot;0&quot;,&quot;copyright&quot;:&quot;&quot;,&quot;focal_length&quot;:&quot;0&quot;,&quot;iso&quot;:&quot;0&quot;,&quot;shutter_speed&quot;:&quot;0&quot;,&quot;title&quot;:&quot;&quot;,&quot;orientation&quot;:&quot;0&quot;}\" data-image-title=\"WhatsApp-Image-2023-03-25-at-09.16.14-1024&amp;#215;461-1\" data-image-description=\"\" data-image-caption=\"\" data-large-file=\"https:\/\/sunnehofai.ch\/wp-content\/uploads\/2023\/09\/WhatsApp-Image-2023-03-25-at-09.16.14-1024x461-1.jpeg\" src=\"https:\/\/sunnehofai.ch\/wp-content\/uploads\/2023\/09\/WhatsApp-Image-2023-03-25-at-09.16.14-1024x461-1.jpeg\" alt=\"\" class=\"wp-image-2659\" srcset=\"https:\/\/sunnehofai.ch\/wp-content\/uploads\/2023\/09\/WhatsApp-Image-2023-03-25-at-09.16.14-1024x461-1.jpeg 1024w, https:\/\/sunnehofai.ch\/wp-content\/uploads\/2023\/09\/WhatsApp-Image-2023-03-25-at-09.16.14-1024x461-1-300x135.jpeg 300w, https:\/\/sunnehofai.ch\/wp-content\/uploads\/2023\/09\/WhatsApp-Image-2023-03-25-at-09.16.14-1024x461-1-768x346.jpeg 768w\" sizes=\"auto, (max-width: 1024px) 100vw, 1024px\" \/><\/figure>\n<\/div>\n<\/div>\n\n\n\n<p><\/p>\n\n\n\n<p><\/p>\n\n\n\n<div class=\"wp-block-columns alignwide has-2-columns is-layout-flex wp-container-core-columns-is-layout-28f84493 wp-block-columns-is-layout-flex\">\n<div class=\"wp-block-column is-layout-flow wp-block-column-is-layout-flow\">\n<figure class=\"wp-block-image size-full\"><img loading=\"lazy\" decoding=\"async\" width=\"1024\" height=\"462\" data-attachment-id=\"2660\" data-permalink=\"https:\/\/sunnehofai.ch\/?attachment_id=2660\" data-orig-file=\"https:\/\/sunnehofai.ch\/wp-content\/uploads\/2023\/09\/WhatsApp-Image-2023-03-25-at-09.17.05-1-1024x462-1.jpeg\" data-orig-size=\"1024,462\" data-comments-opened=\"0\" data-image-meta=\"{&quot;aperture&quot;:&quot;0&quot;,&quot;credit&quot;:&quot;&quot;,&quot;camera&quot;:&quot;&quot;,&quot;caption&quot;:&quot;&quot;,&quot;created_timestamp&quot;:&quot;0&quot;,&quot;copyright&quot;:&quot;&quot;,&quot;focal_length&quot;:&quot;0&quot;,&quot;iso&quot;:&quot;0&quot;,&quot;shutter_speed&quot;:&quot;0&quot;,&quot;title&quot;:&quot;&quot;,&quot;orientation&quot;:&quot;0&quot;}\" data-image-title=\"WhatsApp-Image-2023-03-25-at-09.17.05-1-1024&amp;#215;462-1\" data-image-description=\"\" data-image-caption=\"\" data-large-file=\"https:\/\/sunnehofai.ch\/wp-content\/uploads\/2023\/09\/WhatsApp-Image-2023-03-25-at-09.17.05-1-1024x462-1.jpeg\" src=\"https:\/\/sunnehofai.ch\/wp-content\/uploads\/2023\/09\/WhatsApp-Image-2023-03-25-at-09.17.05-1-1024x462-1.jpeg\" alt=\"\" class=\"wp-image-2660\" srcset=\"https:\/\/sunnehofai.ch\/wp-content\/uploads\/2023\/09\/WhatsApp-Image-2023-03-25-at-09.17.05-1-1024x462-1.jpeg 1024w, https:\/\/sunnehofai.ch\/wp-content\/uploads\/2023\/09\/WhatsApp-Image-2023-03-25-at-09.17.05-1-1024x462-1-300x135.jpeg 300w, https:\/\/sunnehofai.ch\/wp-content\/uploads\/2023\/09\/WhatsApp-Image-2023-03-25-at-09.17.05-1-1024x462-1-768x347.jpeg 768w\" sizes=\"auto, (max-width: 1024px) 100vw, 1024px\" \/><\/figure>\n\n\n\n<figure class=\"wp-block-image size-full is-style-default\"><img loading=\"lazy\" decoding=\"async\" width=\"1024\" height=\"462\" data-attachment-id=\"2661\" data-permalink=\"https:\/\/sunnehofai.ch\/?attachment_id=2661\" data-orig-file=\"https:\/\/sunnehofai.ch\/wp-content\/uploads\/2023\/09\/WhatsApp-Image-2023-03-25-at-09.05.06-1-1024x462-1.jpeg\" data-orig-size=\"1024,462\" data-comments-opened=\"0\" data-image-meta=\"{&quot;aperture&quot;:&quot;0&quot;,&quot;credit&quot;:&quot;&quot;,&quot;camera&quot;:&quot;&quot;,&quot;caption&quot;:&quot;&quot;,&quot;created_timestamp&quot;:&quot;0&quot;,&quot;copyright&quot;:&quot;&quot;,&quot;focal_length&quot;:&quot;0&quot;,&quot;iso&quot;:&quot;0&quot;,&quot;shutter_speed&quot;:&quot;0&quot;,&quot;title&quot;:&quot;&quot;,&quot;orientation&quot;:&quot;0&quot;}\" data-image-title=\"WhatsApp-Image-2023-03-25-at-09.05.06-1-1024&amp;#215;462-1\" data-image-description=\"\" data-image-caption=\"\" data-large-file=\"https:\/\/sunnehofai.ch\/wp-content\/uploads\/2023\/09\/WhatsApp-Image-2023-03-25-at-09.05.06-1-1024x462-1.jpeg\" src=\"https:\/\/sunnehofai.ch\/wp-content\/uploads\/2023\/09\/WhatsApp-Image-2023-03-25-at-09.05.06-1-1024x462-1.jpeg\" alt=\"\" class=\"wp-image-2661\" srcset=\"https:\/\/sunnehofai.ch\/wp-content\/uploads\/2023\/09\/WhatsApp-Image-2023-03-25-at-09.05.06-1-1024x462-1.jpeg 1024w, https:\/\/sunnehofai.ch\/wp-content\/uploads\/2023\/09\/WhatsApp-Image-2023-03-25-at-09.05.06-1-1024x462-1-300x135.jpeg 300w, https:\/\/sunnehofai.ch\/wp-content\/uploads\/2023\/09\/WhatsApp-Image-2023-03-25-at-09.05.06-1-1024x462-1-768x347.jpeg 768w\" sizes=\"auto, (max-width: 1024px) 100vw, 1024px\" \/><\/figure>\n<\/div>\n\n\n\n<div class=\"wp-block-column is-layout-flow wp-block-column-is-layout-flow\">\n<p>Das Hegen und Pflegen unserer Hecken macht uns Freude.<br>2020 realisierten wir einen Weiher mit angrenzender Hecke.<\/p>\n\n\n\n<p>2023 durften wir auf eine Pachtgrundst\u00fcck eine neue Hecke pflanzen. 30 verschiedene Pflanzenarten setzten wir auf 300m. Verschiedene Strukturen wie Asthaufen, Nistk\u00e4sten, Steinh\u00fcgel und Totholz bieten Insekten, V\u00f6gel und anderen Tieren Unterschlupf, Nistm\u00f6glichkeiten und Nahrung. Ein Sitzplatz darf auch nicht fehlen, mit der Zeit k\u00f6nnen bestimmt V\u00f6gel beobachtet werden.<\/p>\n\n\n\n<p>Die letzten Jahre pflanzten wir kleinere und gr\u00f6ssere Hecken so haben wir insgesamt nun 800m Hecken mit Vogelh\u00e4usern, Wieselburgen und den verschiedenen Strukturelementen.<\/p>\n<\/div>\n<\/div>\n\n\n\n<p><\/p>\n","protected":false},"excerpt":{"rendered":"<p>Als Beitrag zum Uno Jahr der Biodiversit\u00e4t 2010 haben wir eine bestehende Hecke mit Wildobststauden erg\u00e4nzt. Zu den bekannten Heckenpflanzen wie Schwarzdorn, Weissdorn, Berberitze, Liguster, Schwarzer Holunder, Hagebutte, Hartriegel und Schneeball gesellen sich nun Sanddorn, Roter Holunder, Wacholder, Mispel, Pfaffenh\u00fctchen, Felsenbirne, Eberesche (Vogelbeere), Sauerkirschen, Kornelkirschen und Speierling.Die Hecke bietet nebst Unterschlupf auch Nahrung im ganzen [&hellip;]<\/p>\n","protected":false},"author":2,"featured_media":0,"parent":0,"menu_order":0,"comment_status":"closed","ping_status":"closed","template":"","meta":{"zakra_page_container_layout":"contained","zakra_page_sidebar_layout":"right","zakra_remove_content_margin":false,"zakra_sidebar":"customizer","zakra_transparent_header":"customizer","zakra_logo":0,"zakra_main_header_style":"default","zakra_menu_item_color":"","zakra_menu_item_hover_color":"","zakra_menu_item_active_color":"","zakra_menu_active_style":"","zakra_page_header":true,"footnotes":""},"class_list":["post-2664","page","type-page","status-publish","hentry"],"jetpack_sharing_enabled":true,"jetpack-related-posts":[{"id":68,"url":"https:\/\/sunnehofai.ch\/?page_id=68","url_meta":{"origin":2664,"position":0},"title":"Betrieb","author":"Leandra","date":"M\u00e4rz 11, 2019","format":false,"excerpt":"Mit Sicht auf das Vorarlberg, verw\u00f6hnt von Sonne und umgeben von steilen Wiesenh\u00e4ngenleben wir auf unserem Bio-Landwirtschaftsbetrieb. Auf 650m \u00fc. M. in der BZ 1 bewirtschaften wir seit 1989 unseren Hof. Seit 1991 produzierenwir nach den Richtlinien der Bio Suisse, nach dem Motto: ist die Knospe drauf ist Bio drin.\u2026","rel":"","context":"\u00c4hnlicher Beitrag","block_context":{"text":"\u00c4hnlicher Beitrag","link":""},"img":{"alt_text":"","src":"https:\/\/i0.wp.com\/sunnehofai.ch\/wp-content\/uploads\/2023\/04\/WhatsApp-Image-2023-03-25-at-08.49.57-1-1.jpeg?resize=350%2C200&ssl=1","width":350,"height":200,"srcset":"https:\/\/i0.wp.com\/sunnehofai.ch\/wp-content\/uploads\/2023\/04\/WhatsApp-Image-2023-03-25-at-08.49.57-1-1.jpeg?resize=350%2C200&ssl=1 1x, https:\/\/i0.wp.com\/sunnehofai.ch\/wp-content\/uploads\/2023\/04\/WhatsApp-Image-2023-03-25-at-08.49.57-1-1.jpeg?resize=525%2C300&ssl=1 1.5x, https:\/\/i0.wp.com\/sunnehofai.ch\/wp-content\/uploads\/2023\/04\/WhatsApp-Image-2023-03-25-at-08.49.57-1-1.jpeg?resize=700%2C400&ssl=1 2x, https:\/\/i0.wp.com\/sunnehofai.ch\/wp-content\/uploads\/2023\/04\/WhatsApp-Image-2023-03-25-at-08.49.57-1-1.jpeg?resize=1050%2C600&ssl=1 3x, https:\/\/i0.wp.com\/sunnehofai.ch\/wp-content\/uploads\/2023\/04\/WhatsApp-Image-2023-03-25-at-08.49.57-1-1.jpeg?resize=1400%2C800&ssl=1 4x"},"classes":[]},{"id":89,"url":"https:\/\/sunnehofai.ch\/?page_id=89","url_meta":{"origin":2664,"position":1},"title":"Bauernmarkt","author":"Leandra","date":"M\u00e4rz 11, 2019","format":false,"excerpt":"Jeden Freitag von Anfangs April bis Ende November verkaufen wir am St.Galler Bauernmarktan unserem Marktstand unsere Produkte. F\u00fcr unsere aromatischen Tomaten sind wir bekannt. Zucchetti, Buschbohnen, Snackgurken,K\u00fcrbis. Je nach Saison gibt\u2019s das entsprechende Gem\u00fcse. Besonders beliebt sind auch unsere herrlichen Erdbeeren. Himbeeren, Heidelbeeren,Johannisbeeren gelb, rot, schwarz, auch Brombeeren wachsen bei\u2026","rel":"","context":"\u00c4hnlicher Beitrag","block_context":{"text":"\u00c4hnlicher Beitrag","link":""},"img":{"alt_text":"","src":"https:\/\/i0.wp.com\/sunnehofai.ch\/wp-content\/uploads\/2023\/04\/044_Bischofberger_Oberegg-150x150.jpg?resize=350%2C200&ssl=1","width":350,"height":200,"srcset":"https:\/\/i0.wp.com\/sunnehofai.ch\/wp-content\/uploads\/2023\/04\/044_Bischofberger_Oberegg-150x150.jpg?resize=350%2C200&ssl=1 1x, https:\/\/i0.wp.com\/sunnehofai.ch\/wp-content\/uploads\/2023\/04\/044_Bischofberger_Oberegg-150x150.jpg?resize=525%2C300&ssl=1 1.5x, https:\/\/i0.wp.com\/sunnehofai.ch\/wp-content\/uploads\/2023\/04\/044_Bischofberger_Oberegg-150x150.jpg?resize=700%2C400&ssl=1 2x, https:\/\/i0.wp.com\/sunnehofai.ch\/wp-content\/uploads\/2023\/04\/044_Bischofberger_Oberegg-150x150.jpg?resize=1050%2C600&ssl=1 3x, https:\/\/i0.wp.com\/sunnehofai.ch\/wp-content\/uploads\/2023\/04\/044_Bischofberger_Oberegg-150x150.jpg?resize=1400%2C800&ssl=1 4x"},"classes":[]},{"id":77,"url":"https:\/\/sunnehofai.ch\/?page_id=77","url_meta":{"origin":2664,"position":2},"title":"Pflanzenbau","author":"Leandra","date":"M\u00e4rz 11, 2019","format":false,"excerpt":"Von unseren 15ha Wiese sind 4ha \u00f6kologische Ausgleichsfl\u00e4che und 1 ha Blumenwiese. Da wir selber keine raufutterverzehrende Tiere mehr haben, m\u00e4hen wir s\u00e4mtliche Wiesen 2-4mal je nach Standort und Bewirtschaftungsgrad. Das Heu \u00fcbernimmt ein Bekannter f\u00fcrseine Jersey Rinder. Er bewirtschaftet auf seinem Betrieb viel Ackerland. Auf 15a pflanzen wir verschiedene\u2026","rel":"","context":"\u00c4hnlicher Beitrag","block_context":{"text":"\u00c4hnlicher Beitrag","link":""},"img":{"alt_text":"","src":"https:\/\/i0.wp.com\/sunnehofai.ch\/wp-content\/uploads\/2023\/04\/WhatsApp-Image-2023-03-25-at-09.12.58-1.jpeg?resize=350%2C200&ssl=1","width":350,"height":200,"srcset":"https:\/\/i0.wp.com\/sunnehofai.ch\/wp-content\/uploads\/2023\/04\/WhatsApp-Image-2023-03-25-at-09.12.58-1.jpeg?resize=350%2C200&ssl=1 1x, https:\/\/i0.wp.com\/sunnehofai.ch\/wp-content\/uploads\/2023\/04\/WhatsApp-Image-2023-03-25-at-09.12.58-1.jpeg?resize=525%2C300&ssl=1 1.5x, https:\/\/i0.wp.com\/sunnehofai.ch\/wp-content\/uploads\/2023\/04\/WhatsApp-Image-2023-03-25-at-09.12.58-1.jpeg?resize=700%2C400&ssl=1 2x, https:\/\/i0.wp.com\/sunnehofai.ch\/wp-content\/uploads\/2023\/04\/WhatsApp-Image-2023-03-25-at-09.12.58-1.jpeg?resize=1050%2C600&ssl=1 3x, https:\/\/i0.wp.com\/sunnehofai.ch\/wp-content\/uploads\/2023\/04\/WhatsApp-Image-2023-03-25-at-09.12.58-1.jpeg?resize=1400%2C800&ssl=1 4x"},"classes":[]},{"id":101,"url":"https:\/\/sunnehofai.ch\/?page_id=101","url_meta":{"origin":2664,"position":3},"title":"Holz \/ Schnitzelheizung","author":"Leandra","date":"M\u00e4rz 11, 2019","format":false,"excerpt":"Zu unserem Landwirtschaftsbetrieb geh\u00f6ren 8.5 ha Wald. Jeden Winter f\u00e4llen wir ca.150m3 Holz. Aus den sch\u00f6nen Tannen wird Bauholz gemacht. Das heisst, wir schneiden die St\u00e4mme zu, so dass wir sie dann am Waldrand vor Ort mit einem S\u00e4ger, der eine mobile S\u00e4gerei hat an Ort zu Bretter, Balken nach\u2026","rel":"","context":"\u00c4hnlicher Beitrag","block_context":{"text":"\u00c4hnlicher Beitrag","link":""},"img":{"alt_text":"","src":"https:\/\/i0.wp.com\/sunnehofai.ch\/wp-content\/uploads\/2020\/01\/schn2.jpg?resize=350%2C200&ssl=1","width":350,"height":200,"srcset":"https:\/\/i0.wp.com\/sunnehofai.ch\/wp-content\/uploads\/2020\/01\/schn2.jpg?resize=350%2C200&ssl=1 1x, https:\/\/i0.wp.com\/sunnehofai.ch\/wp-content\/uploads\/2020\/01\/schn2.jpg?resize=525%2C300&ssl=1 1.5x"},"classes":[]},{"id":95,"url":"https:\/\/sunnehofai.ch\/?page_id=95","url_meta":{"origin":2664,"position":4},"title":"Photovoltaik","author":"Leandra","date":"M\u00e4rz 11, 2019","format":false,"excerpt":"Sommer 2023Wir haben die PV Anlage um 50kWp erweitert. Davon beziehen wir den Strom f\u00fcr unseren t\u00e4glichen Bedarf. Der Rest wird ins \u00f6ffentliche Netz eingespiesen. Gesamthaft liefert die gesamte Anlage nun 150kWp. Juni 2012Aus den Solarzellen entsteht Gleichstrom, welcher in den Wechselrichtern in Wechselstrom umgewandelt wird und so ins \u00f6ffentliche\u2026","rel":"","context":"\u00c4hnlicher Beitrag","block_context":{"text":"\u00c4hnlicher Beitrag","link":""},"img":{"alt_text":"","src":"https:\/\/i0.wp.com\/sunnehofai.ch\/wp-content\/uploads\/2020\/01\/photovoltaik1-1.jpg?resize=350%2C200&ssl=1","width":350,"height":200,"srcset":"https:\/\/i0.wp.com\/sunnehofai.ch\/wp-content\/uploads\/2020\/01\/photovoltaik1-1.jpg?resize=350%2C200&ssl=1 1x, https:\/\/i0.wp.com\/sunnehofai.ch\/wp-content\/uploads\/2020\/01\/photovoltaik1-1.jpg?resize=525%2C300&ssl=1 1.5x, https:\/\/i0.wp.com\/sunnehofai.ch\/wp-content\/uploads\/2020\/01\/photovoltaik1-1.jpg?resize=700%2C400&ssl=1 2x"},"classes":[]},{"id":422,"url":"https:\/\/sunnehofai.ch\/?page_id=422","url_meta":{"origin":2664,"position":5},"title":"1. August-Brunch","author":"Leandra","date":"Mai 5, 2019","format":false,"excerpt":"Kaum zu glauben: Seit mehr als 25 Jahren \u00f6ffnen Schweizer Bauernfamilien am Nationalfeiertag T\u00fcr und Tor und laden zum beliebten 1. August-Brunch auf dem Bauernhof. Auf unserem Hof bieten wir dieses Jahr den 1. August-Brunch an. Anmeldungen werden gerne bis zum 31.Juli \u00fcber Email oder Telefon entgegengenommen. Telefon: 071 744\u2026","rel":"","context":"\u00c4hnlicher Beitrag","block_context":{"text":"\u00c4hnlicher Beitrag","link":""},"img":{"alt_text":"","src":"https:\/\/i0.wp.com\/sunnehofai.ch\/wp-content\/uploads\/2019\/05\/DSC_5731.jpg?resize=350%2C200&ssl=1","width":350,"height":200,"srcset":"https:\/\/i0.wp.com\/sunnehofai.ch\/wp-content\/uploads\/2019\/05\/DSC_5731.jpg?resize=350%2C200&ssl=1 1x, https:\/\/i0.wp.com\/sunnehofai.ch\/wp-content\/uploads\/2019\/05\/DSC_5731.jpg?resize=525%2C300&ssl=1 1.5x, https:\/\/i0.wp.com\/sunnehofai.ch\/wp-content\/uploads\/2019\/05\/DSC_5731.jpg?resize=700%2C400&ssl=1 2x, https:\/\/i0.wp.com\/sunnehofai.ch\/wp-content\/uploads\/2019\/05\/DSC_5731.jpg?resize=1050%2C600&ssl=1 3x, https:\/\/i0.wp.com\/sunnehofai.ch\/wp-content\/uploads\/2019\/05\/DSC_5731.jpg?resize=1400%2C800&ssl=1 4x"},"classes":[]}],"_links":{"self":[{"href":"https:\/\/sunnehofai.ch\/index.php?rest_route=\/wp\/v2\/pages\/2664","targetHints":{"allow":["GET"]}}],"collection":[{"href":"https:\/\/sunnehofai.ch\/index.php?rest_route=\/wp\/v2\/pages"}],"about":[{"href":"https:\/\/sunnehofai.ch\/index.php?rest_route=\/wp\/v2\/types\/page"}],"author":[{"embeddable":true,"href":"https:\/\/sunnehofai.ch\/index.php?rest_route=\/wp\/v2\/users\/2"}],"replies":[{"embeddable":true,"href":"https:\/\/sunnehofai.ch\/index.php?rest_route=%2Fwp%2Fv2%2Fcomments&post=2664"}],"version-history":[{"count":2,"href":"https:\/\/sunnehofai.ch\/index.php?rest_route=\/wp\/v2\/pages\/2664\/revisions"}],"predecessor-version":[{"id":2668,"href":"https:\/\/sunnehofai.ch\/index.php?rest_route=\/wp\/v2\/pages\/2664\/revisions\/2668"}],"wp:attachment":[{"href":"https:\/\/sunnehofai.ch\/index.php?rest_route=%2Fwp%2Fv2%2Fmedia&parent=2664"}],"curies":[{"name":"wp","href":"https:\/\/api.w.org\/{rel}","templated":true}]}}