{"id":62,"date":"2019-03-11T18:47:38","date_gmt":"2019-03-11T18:47:38","guid":{"rendered":"https:\/\/wp.sunnehofai.ch\/?page_id=62"},"modified":"2023-09-08T19:07:14","modified_gmt":"2023-09-08T19:07:14","slug":"familie","status":"publish","type":"page","link":"https:\/\/sunnehofai.ch\/?page_id=62","title":{"rendered":"Familie"},"content":{"rendered":"\n<div class=\"wp-block-columns alignfull has-2-columns is-layout-flex wp-container-core-columns-is-layout-28f84493 wp-block-columns-is-layout-flex\">\n<div class=\"wp-block-column is-layout-flow wp-block-column-is-layout-flow\">\n<div class=\"wp-block-columns has-2-columns is-layout-flex wp-container-core-columns-is-layout-28f84493 wp-block-columns-is-layout-flex\">\n<div class=\"wp-block-column is-layout-flow wp-block-column-is-layout-flow\">\n<figure class=\"wp-block-image\"><img loading=\"lazy\" decoding=\"async\" width=\"1024\" height=\"933\" data-attachment-id=\"122\" data-permalink=\"https:\/\/sunnehofai.ch\/?attachment_id=122\" data-orig-file=\"https:\/\/sunnehofai.ch\/wp-content\/uploads\/2019\/03\/DSC_4384-2.jpg\" data-orig-size=\"4408,4016\" data-comments-opened=\"1\" data-image-meta=\"{&quot;aperture&quot;:&quot;4&quot;,&quot;credit&quot;:&quot;&quot;,&quot;camera&quot;:&quot;NIKON D750&quot;,&quot;caption&quot;:&quot;&quot;,&quot;created_timestamp&quot;:&quot;1551290754&quot;,&quot;copyright&quot;:&quot;&quot;,&quot;focal_length&quot;:&quot;105&quot;,&quot;iso&quot;:&quot;800&quot;,&quot;shutter_speed&quot;:&quot;0.0125&quot;,&quot;title&quot;:&quot;&quot;,&quot;orientation&quot;:&quot;0&quot;}\" data-image-title=\"DSC_4384-2\" data-image-description=\"\" data-image-caption=\"\" data-large-file=\"https:\/\/sunnehofai.ch\/wp-content\/uploads\/2019\/03\/DSC_4384-2-1024x933.jpg\" src=\"https:\/\/sunnehofai.ch\/wp-content\/uploads\/2019\/03\/DSC_4384-2-1024x933.jpg\" alt=\"\" class=\"wp-image-122\" srcset=\"https:\/\/sunnehofai.ch\/wp-content\/uploads\/2019\/03\/DSC_4384-2-1024x933.jpg 1024w, https:\/\/sunnehofai.ch\/wp-content\/uploads\/2019\/03\/DSC_4384-2-300x273.jpg 300w, https:\/\/sunnehofai.ch\/wp-content\/uploads\/2019\/03\/DSC_4384-2-768x700.jpg 768w\" sizes=\"auto, (max-width: 1024px) 100vw, 1024px\" \/><\/figure>\n\n\n\n<p>Leandra besuchte die P\u00e4dagoische Hochschule in Kreuzlingen und arbeitet jetzt als Lehrerin. In ihrer Freizeit ist sie viel mit ihrer Fotokamera anzutreffen. Sie liebt es sich sportlich zu bet\u00e4tigen und die Familie kulinarisch zu verw\u00f6hnen.  <\/p>\n<\/div>\n\n\n\n<div class=\"wp-block-column is-layout-flow wp-block-column-is-layout-flow\">\n<figure class=\"wp-block-image\"><img loading=\"lazy\" decoding=\"async\" width=\"441\" height=\"553\" data-attachment-id=\"356\" data-permalink=\"https:\/\/sunnehofai.ch\/?attachment_id=356\" data-orig-file=\"https:\/\/sunnehofai.ch\/wp-content\/uploads\/2019\/04\/lukas.jpg\" data-orig-size=\"441,553\" data-comments-opened=\"1\" data-image-meta=\"{&quot;aperture&quot;:&quot;0&quot;,&quot;credit&quot;:&quot;&quot;,&quot;camera&quot;:&quot;&quot;,&quot;caption&quot;:&quot;&quot;,&quot;created_timestamp&quot;:&quot;0&quot;,&quot;copyright&quot;:&quot;&quot;,&quot;focal_length&quot;:&quot;0&quot;,&quot;iso&quot;:&quot;0&quot;,&quot;shutter_speed&quot;:&quot;0&quot;,&quot;title&quot;:&quot;&quot;,&quot;orientation&quot;:&quot;0&quot;}\" data-image-title=\"lukas\" data-image-description=\"\" data-image-caption=\"\" data-large-file=\"https:\/\/sunnehofai.ch\/wp-content\/uploads\/2019\/04\/lukas.jpg\" src=\"https:\/\/sunnehofai.ch\/wp-content\/uploads\/2019\/04\/lukas.jpg\" alt=\"\" class=\"wp-image-356\" srcset=\"https:\/\/sunnehofai.ch\/wp-content\/uploads\/2019\/04\/lukas.jpg 441w, https:\/\/sunnehofai.ch\/wp-content\/uploads\/2019\/04\/lukas-239x300.jpg 239w, https:\/\/sunnehofai.ch\/wp-content\/uploads\/2019\/04\/lukas-400x502.jpg 400w\" sizes=\"auto, (max-width: 441px) 100vw, 441px\" \/><\/figure>\n\n\n\n<p>Lukas arbeitet bei einem ETH Spinoff als Software Ingenieur, ist Weltenbummler und begeisterter Hobbyfotograf. <\/p>\n\n\n\n<p><\/p>\n<\/div>\n<\/div>\n\n\n\n<p><\/p>\n<\/div>\n\n\n\n<div class=\"wp-block-column is-layout-flow wp-block-column-is-layout-flow\">\n<figure class=\"wp-block-image\"><img loading=\"lazy\" decoding=\"async\" width=\"1024\" height=\"684\" data-attachment-id=\"917\" data-permalink=\"https:\/\/sunnehofai.ch\/?attachment_id=917\" data-orig-file=\"https:\/\/sunnehofai.ch\/wp-content\/uploads\/2019\/06\/DSC_5984-1.jpg\" data-orig-size=\"6016,4016\" data-comments-opened=\"1\" data-image-meta=\"{&quot;aperture&quot;:&quot;4&quot;,&quot;credit&quot;:&quot;&quot;,&quot;camera&quot;:&quot;NIKON D750&quot;,&quot;caption&quot;:&quot;&quot;,&quot;created_timestamp&quot;:&quot;1560095880&quot;,&quot;copyright&quot;:&quot;&quot;,&quot;focal_length&quot;:&quot;65&quot;,&quot;iso&quot;:&quot;200&quot;,&quot;shutter_speed&quot;:&quot;0.004&quot;,&quot;title&quot;:&quot;&quot;,&quot;orientation&quot;:&quot;0&quot;}\" data-image-title=\"DSC_5984\" data-image-description=\"\" data-image-caption=\"\" data-large-file=\"https:\/\/sunnehofai.ch\/wp-content\/uploads\/2019\/06\/DSC_5984-1-1024x684.jpg\" src=\"https:\/\/sunnehofai.ch\/wp-content\/uploads\/2019\/06\/DSC_5984-1-1024x684.jpg\" alt=\"\" class=\"wp-image-917\" srcset=\"https:\/\/sunnehofai.ch\/wp-content\/uploads\/2019\/06\/DSC_5984-1-1024x684.jpg 1024w, https:\/\/sunnehofai.ch\/wp-content\/uploads\/2019\/06\/DSC_5984-1-300x200.jpg 300w, https:\/\/sunnehofai.ch\/wp-content\/uploads\/2019\/06\/DSC_5984-1-768x513.jpg 768w\" sizes=\"auto, (max-width: 1024px) 100vw, 1024px\" \/><\/figure>\n\n\n\n<div class=\"wp-block-columns has-2-columns is-layout-flex wp-container-core-columns-is-layout-28f84493 wp-block-columns-is-layout-flex\">\n<div class=\"wp-block-column is-layout-flow wp-block-column-is-layout-flow\">\n<p>Aus den eigenen Fr\u00fcchten und Beeren feine Confit\u00fcre herstellen, Brot backen, im Sommer heuen, feine Beeren ernten, Blumen und Gem\u00fcse f\u00fcr den Markt und Eigenbedarf ziehen, im Sommer auch einmal z&#8217;Berg. Das B\u00e4uerinnenleben ist abwechslungsreich und sch\u00f6n.  <\/p>\n<\/div>\n\n\n\n<div class=\"wp-block-column is-layout-flow wp-block-column-is-layout-flow\">\n<p>Als Betriebsleiter mit Meisterdiplom hat Rolf die verantwortungsvolle Aufgabe die vielseitigen Arbeiten auf dem Hof zu managen.<br>Sein H\u00f6hepunkt der Woche ist der Freitagmorgen, welchen er als Marktfahrer auf dem St.Galler Bauernmarkt verbringt. Der Kontakt zur Kundschaft ist ihm sehr wichtig und er sch\u00e4tzt die pers\u00f6nliche Begegnung zwischen Landwirt und Konsument. <\/p>\n<\/div>\n<\/div>\n\n\n\n<div class=\"wp-block-columns has-2-columns is-layout-flex wp-container-core-columns-is-layout-28f84493 wp-block-columns-is-layout-flex\">\n<div class=\"wp-block-column is-layout-flow wp-block-column-is-layout-flow\"><\/div>\n\n\n\n<div class=\"wp-block-column is-layout-flow wp-block-column-is-layout-flow\">\n<p><\/p>\n<\/div>\n<\/div>\n<\/div>\n<\/div>\n\n\n\n<div class=\"wp-block-columns alignfull has-2-columns is-layout-flex wp-container-core-columns-is-layout-28f84493 wp-block-columns-is-layout-flex\">\n<div class=\"wp-block-column is-layout-flow wp-block-column-is-layout-flow\">\n<p><\/p>\n<\/div>\n\n\n\n<div class=\"wp-block-column is-layout-flow wp-block-column-is-layout-flow\"><\/div>\n<\/div>\n","protected":false},"excerpt":{"rendered":"<p>Leandra besuchte die P\u00e4dagoische Hochschule in Kreuzlingen und arbeitet jetzt als Lehrerin. In ihrer Freizeit ist sie viel mit ihrer Fotokamera anzutreffen. Sie liebt es sich sportlich zu bet\u00e4tigen und die Familie kulinarisch zu verw\u00f6hnen. Lukas arbeitet bei einem ETH Spinoff als Software Ingenieur, ist Weltenbummler und begeisterter Hobbyfotograf. Aus den eigenen Fr\u00fcchten und Beeren [&hellip;]<\/p>\n","protected":false},"author":2,"featured_media":0,"parent":0,"menu_order":0,"comment_status":"closed","ping_status":"closed","template":"","meta":{"zakra_page_container_layout":"customizer","zakra_page_sidebar_layout":"customizer","zakra_remove_content_margin":false,"zakra_sidebar":"customizer","zakra_transparent_header":"0","zakra_logo":0,"zakra_main_header_style":"default","zakra_menu_item_color":"","zakra_menu_item_hover_color":"","zakra_menu_item_active_color":"","zakra_menu_active_style":"","zakra_page_header":true,"jetpack_post_was_ever_published":false,"footnotes":""},"class_list":["post-62","page","type-page","status-publish","hentry"],"jetpack_sharing_enabled":true,"jetpack-related-posts":[{"id":95,"url":"https:\/\/sunnehofai.ch\/?page_id=95","url_meta":{"origin":62,"position":0},"title":"Photovoltaik","author":"Leandra","date":"M\u00e4rz 11, 2019","format":false,"excerpt":"Sommer 2023Wir haben die PV Anlage um 50kWp erweitert. Davon beziehen wir den Strom f\u00fcr unseren t\u00e4glichen Bedarf. Der Rest wird ins \u00f6ffentliche Netz eingespiesen. Gesamthaft liefert die gesamte Anlage nun 150kWp. Juni 2012Aus den Solarzellen entsteht Gleichstrom, welcher in den Wechselrichtern in Wechselstrom umgewandelt wird und so ins \u00f6ffentliche\u2026","rel":"","context":"\u00c4hnlicher Beitrag","block_context":{"text":"\u00c4hnlicher Beitrag","link":""},"img":{"alt_text":"","src":"https:\/\/i0.wp.com\/sunnehofai.ch\/wp-content\/uploads\/2020\/01\/photovoltaik1-1.jpg?resize=350%2C200&ssl=1","width":350,"height":200,"srcset":"https:\/\/i0.wp.com\/sunnehofai.ch\/wp-content\/uploads\/2020\/01\/photovoltaik1-1.jpg?resize=350%2C200&ssl=1 1x, https:\/\/i0.wp.com\/sunnehofai.ch\/wp-content\/uploads\/2020\/01\/photovoltaik1-1.jpg?resize=525%2C300&ssl=1 1.5x, https:\/\/i0.wp.com\/sunnehofai.ch\/wp-content\/uploads\/2020\/01\/photovoltaik1-1.jpg?resize=700%2C400&ssl=1 2x"},"classes":[]}],"_links":{"self":[{"href":"https:\/\/sunnehofai.ch\/index.php?rest_route=\/wp\/v2\/pages\/62","targetHints":{"allow":["GET"]}}],"collection":[{"href":"https:\/\/sunnehofai.ch\/index.php?rest_route=\/wp\/v2\/pages"}],"about":[{"href":"https:\/\/sunnehofai.ch\/index.php?rest_route=\/wp\/v2\/types\/page"}],"author":[{"embeddable":true,"href":"https:\/\/sunnehofai.ch\/index.php?rest_route=\/wp\/v2\/users\/2"}],"replies":[{"embeddable":true,"href":"https:\/\/sunnehofai.ch\/index.php?rest_route=%2Fwp%2Fv2%2Fcomments&post=62"}],"version-history":[{"count":17,"href":"https:\/\/sunnehofai.ch\/index.php?rest_route=\/wp\/v2\/pages\/62\/revisions"}],"predecessor-version":[{"id":1026,"href":"https:\/\/sunnehofai.ch\/index.php?rest_route=\/wp\/v2\/pages\/62\/revisions\/1026"}],"wp:attachment":[{"href":"https:\/\/sunnehofai.ch\/index.php?rest_route=%2Fwp%2Fv2%2Fmedia&parent=62"}],"curies":[{"name":"wp","href":"https:\/\/api.w.org\/{rel}","templated":true}]}}