{"id":68,"date":"2019-03-11T18:48:22","date_gmt":"2019-03-11T18:48:22","guid":{"rendered":"https:\/\/wp.sunnehofai.ch\/?page_id=68"},"modified":"2024-04-08T17:05:40","modified_gmt":"2024-04-08T17:05:40","slug":"betrieb","status":"publish","type":"page","link":"https:\/\/sunnehofai.ch\/?page_id=68","title":{"rendered":"Betrieb"},"content":{"rendered":"\n<p>Mit Sicht auf das Vorarlberg, verw\u00f6hnt von Sonne und umgeben von steilen Wiesenh\u00e4ngen<br>leben wir auf unserem Bio-Landwirtschaftsbetrieb.<\/p>\n\n\n\n<figure class=\"wp-block-image size-large\"><img loading=\"lazy\" decoding=\"async\" width=\"1024\" height=\"462\" data-attachment-id=\"2592\" data-permalink=\"https:\/\/sunnehofai.ch\/?attachment_id=2592\" data-orig-file=\"https:\/\/sunnehofai.ch\/wp-content\/uploads\/2023\/04\/WhatsApp-Image-2023-03-25-at-08.49.57-1-1.jpeg\" data-orig-size=\"2048,923\" data-comments-opened=\"0\" data-image-meta=\"{&quot;aperture&quot;:&quot;0&quot;,&quot;credit&quot;:&quot;&quot;,&quot;camera&quot;:&quot;&quot;,&quot;caption&quot;:&quot;&quot;,&quot;created_timestamp&quot;:&quot;0&quot;,&quot;copyright&quot;:&quot;&quot;,&quot;focal_length&quot;:&quot;0&quot;,&quot;iso&quot;:&quot;0&quot;,&quot;shutter_speed&quot;:&quot;0&quot;,&quot;title&quot;:&quot;&quot;,&quot;orientation&quot;:&quot;0&quot;}\" data-image-title=\"WhatsApp-Image-2023-03-25-at-08.49.57-1-1\" data-image-description=\"\" data-image-caption=\"\" data-large-file=\"https:\/\/sunnehofai.ch\/wp-content\/uploads\/2023\/04\/WhatsApp-Image-2023-03-25-at-08.49.57-1-1-1024x462.jpeg\" src=\"https:\/\/sunnehofai.ch\/wp-content\/uploads\/2023\/04\/WhatsApp-Image-2023-03-25-at-08.49.57-1-1-1024x462.jpeg\" alt=\"\" class=\"wp-image-2592\" srcset=\"https:\/\/sunnehofai.ch\/wp-content\/uploads\/2023\/04\/WhatsApp-Image-2023-03-25-at-08.49.57-1-1-1024x462.jpeg 1024w, https:\/\/sunnehofai.ch\/wp-content\/uploads\/2023\/04\/WhatsApp-Image-2023-03-25-at-08.49.57-1-1-300x135.jpeg 300w, https:\/\/sunnehofai.ch\/wp-content\/uploads\/2023\/04\/WhatsApp-Image-2023-03-25-at-08.49.57-1-1-768x346.jpeg 768w, https:\/\/sunnehofai.ch\/wp-content\/uploads\/2023\/04\/WhatsApp-Image-2023-03-25-at-08.49.57-1-1-1536x692.jpeg 1536w, https:\/\/sunnehofai.ch\/wp-content\/uploads\/2023\/04\/WhatsApp-Image-2023-03-25-at-08.49.57-1-1.jpeg 2048w\" sizes=\"auto, (max-width: 1024px) 100vw, 1024px\" \/><\/figure>\n\n\n\n<p>Auf 650m \u00fc. M. in der BZ 1 bewirtschaften wir seit 1989 unseren Hof. Seit 1991 produzieren<br>wir nach den Richtlinien der Bio Suisse, nach dem Motto: ist die Knospe drauf ist Bio drin.<\/p>\n\n\n\n<p>Sorgf\u00e4ltiger Umgang mit dem Boden und der Natur sind uns wichtig.<\/p>\n\n\n\n<p>Nachdem wir jahrelang Milchschafhaltung betrieben haben, entschieden wir uns im Sommer<br>2022 um die Arbeitsintensivit\u00e4t auf unserem Betrieb etwas abzuschw\u00e4chen, unseren<br>Betrieb fortan viehlos zu bewirtschaften. Diese Art zu bauern erfordert im Sommer eine<br>h\u00f6here Bereitschaft zum Heuen s\u00e4mtlicher Wiesen, daf\u00fcr entstehen arbeitsfreiere Zeiten<br>besonders w\u00e4hrend der Wintermonate.<\/p>\n\n\n\n<figure class=\"wp-block-image size-large\"><img loading=\"lazy\" decoding=\"async\" width=\"1024\" height=\"462\" data-attachment-id=\"2593\" data-permalink=\"https:\/\/sunnehofai.ch\/?attachment_id=2593\" data-orig-file=\"https:\/\/sunnehofai.ch\/wp-content\/uploads\/2023\/04\/WhatsApp-Image-2023-03-25-at-08.55.35-1.jpeg\" data-orig-size=\"2048,923\" data-comments-opened=\"0\" data-image-meta=\"{&quot;aperture&quot;:&quot;0&quot;,&quot;credit&quot;:&quot;&quot;,&quot;camera&quot;:&quot;&quot;,&quot;caption&quot;:&quot;&quot;,&quot;created_timestamp&quot;:&quot;0&quot;,&quot;copyright&quot;:&quot;&quot;,&quot;focal_length&quot;:&quot;0&quot;,&quot;iso&quot;:&quot;0&quot;,&quot;shutter_speed&quot;:&quot;0&quot;,&quot;title&quot;:&quot;&quot;,&quot;orientation&quot;:&quot;0&quot;}\" data-image-title=\"WhatsApp-Image-2023-03-25-at-08.55.35-1\" data-image-description=\"\" data-image-caption=\"\" data-large-file=\"https:\/\/sunnehofai.ch\/wp-content\/uploads\/2023\/04\/WhatsApp-Image-2023-03-25-at-08.55.35-1-1024x462.jpeg\" src=\"https:\/\/sunnehofai.ch\/wp-content\/uploads\/2023\/04\/WhatsApp-Image-2023-03-25-at-08.55.35-1-1024x462.jpeg\" alt=\"\" class=\"wp-image-2593\" srcset=\"https:\/\/sunnehofai.ch\/wp-content\/uploads\/2023\/04\/WhatsApp-Image-2023-03-25-at-08.55.35-1-1024x462.jpeg 1024w, https:\/\/sunnehofai.ch\/wp-content\/uploads\/2023\/04\/WhatsApp-Image-2023-03-25-at-08.55.35-1-300x135.jpeg 300w, https:\/\/sunnehofai.ch\/wp-content\/uploads\/2023\/04\/WhatsApp-Image-2023-03-25-at-08.55.35-1-768x346.jpeg 768w, https:\/\/sunnehofai.ch\/wp-content\/uploads\/2023\/04\/WhatsApp-Image-2023-03-25-at-08.55.35-1-1536x692.jpeg 1536w, https:\/\/sunnehofai.ch\/wp-content\/uploads\/2023\/04\/WhatsApp-Image-2023-03-25-at-08.55.35-1.jpeg 2048w\" sizes=\"auto, (max-width: 1024px) 100vw, 1024px\" \/><\/figure>\n\n\n\n<p>Unser Haupterwerb ist somit unser Marktstand am St.Galler Bauernmarkt.<\/p>\n\n\n\n<p>Stromerzeugung, W\u00e4rmeverbund mit Schnitzelheizung, Wohnungsvermietung, und im<br>Sommer Stellpl\u00e4tze f\u00fcr Campingbusse sind unsere weiteren Betriebszweige.<br><a href=\"https:\/\/nomady.camp\/l\/camping-im-bauerngarten\/620ccbe1-3d22-4ad3-b35e-58fcc8106067\"><br>Campingplatz im Bauerngarten<\/a><br><br><a href=\"https:\/\/nomady.camp\/l\/camp-mit-aussicht-auf-dem-sunnehof\/6069b15e-fbbb-43b6-9615-8f03748fd56b\">Campingplatz mit Aussicht<\/a><br><br><\/p>\n\n\n\n<div class=\"wp-block-columns is-layout-flex wp-container-core-columns-is-layout-28f84493 wp-block-columns-is-layout-flex\">\n<div class=\"wp-block-column is-layout-flow wp-block-column-is-layout-flow\" style=\"flex-basis:50%\">\n<figure class=\"wp-block-image size-large is-resized\"><img loading=\"lazy\" decoding=\"async\" width=\"1024\" height=\"680\" data-attachment-id=\"2713\" data-permalink=\"https:\/\/sunnehofai.ch\/?attachment_id=2713\" data-orig-file=\"https:\/\/sunnehofai.ch\/wp-content\/uploads\/2024\/04\/Bildschirmfoto-2024-04-08-um-19.04.25.png\" data-orig-size=\"1434,952\" data-comments-opened=\"0\" data-image-meta=\"{&quot;aperture&quot;:&quot;0&quot;,&quot;credit&quot;:&quot;&quot;,&quot;camera&quot;:&quot;&quot;,&quot;caption&quot;:&quot;&quot;,&quot;created_timestamp&quot;:&quot;0&quot;,&quot;copyright&quot;:&quot;&quot;,&quot;focal_length&quot;:&quot;0&quot;,&quot;iso&quot;:&quot;0&quot;,&quot;shutter_speed&quot;:&quot;0&quot;,&quot;title&quot;:&quot;&quot;,&quot;orientation&quot;:&quot;0&quot;}\" data-image-title=\"Bildschirmfoto-2024-04-08-um-19.04.25\" data-image-description=\"\" data-image-caption=\"\" data-large-file=\"https:\/\/sunnehofai.ch\/wp-content\/uploads\/2024\/04\/Bildschirmfoto-2024-04-08-um-19.04.25-1024x680.png\" src=\"https:\/\/sunnehofai.ch\/wp-content\/uploads\/2024\/04\/Bildschirmfoto-2024-04-08-um-19.04.25-1024x680.png\" alt=\"\" class=\"wp-image-2713\" style=\"width:310px;height:auto\" srcset=\"https:\/\/sunnehofai.ch\/wp-content\/uploads\/2024\/04\/Bildschirmfoto-2024-04-08-um-19.04.25-1024x680.png 1024w, https:\/\/sunnehofai.ch\/wp-content\/uploads\/2024\/04\/Bildschirmfoto-2024-04-08-um-19.04.25-300x199.png 300w, https:\/\/sunnehofai.ch\/wp-content\/uploads\/2024\/04\/Bildschirmfoto-2024-04-08-um-19.04.25-768x510.png 768w, https:\/\/sunnehofai.ch\/wp-content\/uploads\/2024\/04\/Bildschirmfoto-2024-04-08-um-19.04.25.png 1434w\" sizes=\"auto, (max-width: 1024px) 100vw, 1024px\" \/><\/figure>\n<\/div>\n\n\n\n<div class=\"wp-block-column is-layout-flow wp-block-column-is-layout-flow\" style=\"flex-basis:50%\">\n<figure class=\"wp-block-image size-large\"><img loading=\"lazy\" decoding=\"async\" width=\"1024\" height=\"613\" data-attachment-id=\"2714\" data-permalink=\"https:\/\/sunnehofai.ch\/?attachment_id=2714\" data-orig-file=\"https:\/\/sunnehofai.ch\/wp-content\/uploads\/2024\/04\/Bildschirmfoto-2024-04-08-um-19.05.21.png\" data-orig-size=\"1594,954\" data-comments-opened=\"0\" data-image-meta=\"{&quot;aperture&quot;:&quot;0&quot;,&quot;credit&quot;:&quot;&quot;,&quot;camera&quot;:&quot;&quot;,&quot;caption&quot;:&quot;&quot;,&quot;created_timestamp&quot;:&quot;0&quot;,&quot;copyright&quot;:&quot;&quot;,&quot;focal_length&quot;:&quot;0&quot;,&quot;iso&quot;:&quot;0&quot;,&quot;shutter_speed&quot;:&quot;0&quot;,&quot;title&quot;:&quot;&quot;,&quot;orientation&quot;:&quot;0&quot;}\" data-image-title=\"Bildschirmfoto-2024-04-08-um-19.05.21\" data-image-description=\"\" data-image-caption=\"\" data-large-file=\"https:\/\/sunnehofai.ch\/wp-content\/uploads\/2024\/04\/Bildschirmfoto-2024-04-08-um-19.05.21-1024x613.png\" src=\"https:\/\/sunnehofai.ch\/wp-content\/uploads\/2024\/04\/Bildschirmfoto-2024-04-08-um-19.05.21-1024x613.png\" alt=\"\" class=\"wp-image-2714\" srcset=\"https:\/\/sunnehofai.ch\/wp-content\/uploads\/2024\/04\/Bildschirmfoto-2024-04-08-um-19.05.21-1024x613.png 1024w, https:\/\/sunnehofai.ch\/wp-content\/uploads\/2024\/04\/Bildschirmfoto-2024-04-08-um-19.05.21-300x180.png 300w, https:\/\/sunnehofai.ch\/wp-content\/uploads\/2024\/04\/Bildschirmfoto-2024-04-08-um-19.05.21-768x460.png 768w, https:\/\/sunnehofai.ch\/wp-content\/uploads\/2024\/04\/Bildschirmfoto-2024-04-08-um-19.05.21-1536x919.png 1536w, https:\/\/sunnehofai.ch\/wp-content\/uploads\/2024\/04\/Bildschirmfoto-2024-04-08-um-19.05.21.png 1594w\" sizes=\"auto, (max-width: 1024px) 100vw, 1024px\" \/><\/figure>\n<\/div>\n<\/div>\n\n\n\n<figure class=\"wp-block-image size-large\"><img loading=\"lazy\" decoding=\"async\" width=\"1024\" height=\"462\" data-attachment-id=\"2589\" data-permalink=\"https:\/\/sunnehofai.ch\/?attachment_id=2589\" data-orig-file=\"https:\/\/sunnehofai.ch\/wp-content\/uploads\/2023\/04\/WhatsApp-Image-2023-03-25-at-09.18.16-1.jpeg\" data-orig-size=\"2048,923\" data-comments-opened=\"0\" data-image-meta=\"{&quot;aperture&quot;:&quot;0&quot;,&quot;credit&quot;:&quot;&quot;,&quot;camera&quot;:&quot;&quot;,&quot;caption&quot;:&quot;&quot;,&quot;created_timestamp&quot;:&quot;0&quot;,&quot;copyright&quot;:&quot;&quot;,&quot;focal_length&quot;:&quot;0&quot;,&quot;iso&quot;:&quot;0&quot;,&quot;shutter_speed&quot;:&quot;0&quot;,&quot;title&quot;:&quot;&quot;,&quot;orientation&quot;:&quot;0&quot;}\" data-image-title=\"WhatsApp-Image-2023-03-25-at-09.18.16-1\" data-image-description=\"\" data-image-caption=\"\" data-large-file=\"https:\/\/sunnehofai.ch\/wp-content\/uploads\/2023\/04\/WhatsApp-Image-2023-03-25-at-09.18.16-1-1024x462.jpeg\" src=\"https:\/\/sunnehofai.ch\/wp-content\/uploads\/2023\/04\/WhatsApp-Image-2023-03-25-at-09.18.16-1-1024x462.jpeg\" alt=\"\" class=\"wp-image-2589\" srcset=\"https:\/\/sunnehofai.ch\/wp-content\/uploads\/2023\/04\/WhatsApp-Image-2023-03-25-at-09.18.16-1-1024x462.jpeg 1024w, https:\/\/sunnehofai.ch\/wp-content\/uploads\/2023\/04\/WhatsApp-Image-2023-03-25-at-09.18.16-1-300x135.jpeg 300w, https:\/\/sunnehofai.ch\/wp-content\/uploads\/2023\/04\/WhatsApp-Image-2023-03-25-at-09.18.16-1-768x346.jpeg 768w, https:\/\/sunnehofai.ch\/wp-content\/uploads\/2023\/04\/WhatsApp-Image-2023-03-25-at-09.18.16-1-1536x692.jpeg 1536w, https:\/\/sunnehofai.ch\/wp-content\/uploads\/2023\/04\/WhatsApp-Image-2023-03-25-at-09.18.16-1.jpeg 2048w\" sizes=\"auto, (max-width: 1024px) 100vw, 1024px\" \/><\/figure>\n\n\n\n<p>Unser Betrieb umfasst nun 15ha Wiese, Gem\u00fcse, Beeren, 8.5ha Wald 65 Legehennen<br>Unser Lieblingsplatz ist die Bank vor unserem Blockh\u00fcsli. Dort geniessen wir den<br>Pausenkaffee und den Feierabend. Das Abendrot \u00fcber den Bergen, das Pfeiffen der V\u00f6gel in<br>unserem strukturreichen Garten erfreut uns t\u00e4glich neu, unsere kleinen Oase vor der<br>Haust\u00fcre.<\/p>\n\n\n\n<figure class=\"wp-block-image size-large\"><img loading=\"lazy\" decoding=\"async\" width=\"1024\" height=\"462\" data-attachment-id=\"2588\" data-permalink=\"https:\/\/sunnehofai.ch\/?attachment_id=2588\" data-orig-file=\"https:\/\/sunnehofai.ch\/wp-content\/uploads\/2023\/04\/WhatsApp-Image-2023-03-25-at-08.52.07-1.jpeg\" data-orig-size=\"2048,923\" data-comments-opened=\"0\" data-image-meta=\"{&quot;aperture&quot;:&quot;0&quot;,&quot;credit&quot;:&quot;&quot;,&quot;camera&quot;:&quot;&quot;,&quot;caption&quot;:&quot;&quot;,&quot;created_timestamp&quot;:&quot;0&quot;,&quot;copyright&quot;:&quot;&quot;,&quot;focal_length&quot;:&quot;0&quot;,&quot;iso&quot;:&quot;0&quot;,&quot;shutter_speed&quot;:&quot;0&quot;,&quot;title&quot;:&quot;&quot;,&quot;orientation&quot;:&quot;0&quot;}\" data-image-title=\"WhatsApp-Image-2023-03-25-at-08.52.07-1\" data-image-description=\"\" data-image-caption=\"\" data-large-file=\"https:\/\/sunnehofai.ch\/wp-content\/uploads\/2023\/04\/WhatsApp-Image-2023-03-25-at-08.52.07-1-1024x462.jpeg\" src=\"https:\/\/sunnehofai.ch\/wp-content\/uploads\/2023\/04\/WhatsApp-Image-2023-03-25-at-08.52.07-1-1024x462.jpeg\" alt=\"\" class=\"wp-image-2588\" srcset=\"https:\/\/sunnehofai.ch\/wp-content\/uploads\/2023\/04\/WhatsApp-Image-2023-03-25-at-08.52.07-1-1024x462.jpeg 1024w, https:\/\/sunnehofai.ch\/wp-content\/uploads\/2023\/04\/WhatsApp-Image-2023-03-25-at-08.52.07-1-300x135.jpeg 300w, https:\/\/sunnehofai.ch\/wp-content\/uploads\/2023\/04\/WhatsApp-Image-2023-03-25-at-08.52.07-1-768x346.jpeg 768w, https:\/\/sunnehofai.ch\/wp-content\/uploads\/2023\/04\/WhatsApp-Image-2023-03-25-at-08.52.07-1-1536x692.jpeg 1536w, https:\/\/sunnehofai.ch\/wp-content\/uploads\/2023\/04\/WhatsApp-Image-2023-03-25-at-08.52.07-1.jpeg 2048w\" sizes=\"auto, (max-width: 1024px) 100vw, 1024px\" \/><\/figure>\n\n\n\n<figure class=\"wp-block-image size-large\"><img loading=\"lazy\" decoding=\"async\" width=\"1024\" height=\"462\" data-attachment-id=\"2591\" data-permalink=\"https:\/\/sunnehofai.ch\/?attachment_id=2591\" data-orig-file=\"https:\/\/sunnehofai.ch\/wp-content\/uploads\/2023\/04\/WhatsApp-Image-2023-03-25-at-08.54.28-1.jpeg\" data-orig-size=\"2048,923\" data-comments-opened=\"0\" data-image-meta=\"{&quot;aperture&quot;:&quot;0&quot;,&quot;credit&quot;:&quot;&quot;,&quot;camera&quot;:&quot;&quot;,&quot;caption&quot;:&quot;&quot;,&quot;created_timestamp&quot;:&quot;0&quot;,&quot;copyright&quot;:&quot;&quot;,&quot;focal_length&quot;:&quot;0&quot;,&quot;iso&quot;:&quot;0&quot;,&quot;shutter_speed&quot;:&quot;0&quot;,&quot;title&quot;:&quot;&quot;,&quot;orientation&quot;:&quot;0&quot;}\" data-image-title=\"WhatsApp-Image-2023-03-25-at-08.54.28-1\" data-image-description=\"\" data-image-caption=\"\" data-large-file=\"https:\/\/sunnehofai.ch\/wp-content\/uploads\/2023\/04\/WhatsApp-Image-2023-03-25-at-08.54.28-1-1024x462.jpeg\" src=\"https:\/\/sunnehofai.ch\/wp-content\/uploads\/2023\/04\/WhatsApp-Image-2023-03-25-at-08.54.28-1-1024x462.jpeg\" alt=\"\" class=\"wp-image-2591\" srcset=\"https:\/\/sunnehofai.ch\/wp-content\/uploads\/2023\/04\/WhatsApp-Image-2023-03-25-at-08.54.28-1-1024x462.jpeg 1024w, https:\/\/sunnehofai.ch\/wp-content\/uploads\/2023\/04\/WhatsApp-Image-2023-03-25-at-08.54.28-1-300x135.jpeg 300w, https:\/\/sunnehofai.ch\/wp-content\/uploads\/2023\/04\/WhatsApp-Image-2023-03-25-at-08.54.28-1-768x346.jpeg 768w, https:\/\/sunnehofai.ch\/wp-content\/uploads\/2023\/04\/WhatsApp-Image-2023-03-25-at-08.54.28-1-1536x692.jpeg 1536w, https:\/\/sunnehofai.ch\/wp-content\/uploads\/2023\/04\/WhatsApp-Image-2023-03-25-at-08.54.28-1.jpeg 2048w\" sizes=\"auto, (max-width: 1024px) 100vw, 1024px\" \/><\/figure>\n","protected":false},"excerpt":{"rendered":"<p>Mit Sicht auf das Vorarlberg, verw\u00f6hnt von Sonne und umgeben von steilen Wiesenh\u00e4ngenleben wir auf unserem Bio-Landwirtschaftsbetrieb. Auf 650m \u00fc. M. in der BZ 1 bewirtschaften wir seit 1989 unseren Hof. Seit 1991 produzierenwir nach den Richtlinien der Bio Suisse, nach dem Motto: ist die Knospe drauf ist Bio drin. Sorgf\u00e4ltiger Umgang mit dem Boden [&hellip;]<\/p>\n","protected":false},"author":2,"featured_media":0,"parent":0,"menu_order":0,"comment_status":"closed","ping_status":"closed","template":"","meta":{"zakra_page_container_layout":"centered","zakra_page_sidebar_layout":"no_sidebar","zakra_remove_content_margin":false,"zakra_sidebar":"customizer","zakra_transparent_header":"0","zakra_logo":0,"zakra_main_header_style":"default","zakra_menu_item_color":"","zakra_menu_item_hover_color":"","zakra_menu_item_active_color":"","zakra_menu_active_style":"","zakra_page_header":true,"jetpack_post_was_ever_published":false,"footnotes":""},"class_list":["post-68","page","type-page","status-publish","hentry"],"jetpack_sharing_enabled":true,"jetpack-related-posts":[{"id":113,"url":"https:\/\/sunnehofai.ch\/?page_id=113","url_meta":{"origin":68,"position":0},"title":"Knospe","author":"Leandra","date":"M\u00e4rz 11, 2019","format":false,"excerpt":"Seit 1981 haben sich die Schweizer Biobauern und Biob\u00e4uerinnen zur\u00a0Bio Suissezusammengeschlossen und sich auf ein Label (die Knospe) sowie einheitliche Richtlinien auf hohem \u00f6kologischem Niveau geeinigt. Gut 6500 Betriebe sind berechtigt sich mit dem Knospe Label auszuzeichnen. Rund acht Prozent der landwirtschaftlich genutzten Fl\u00e4che werden nach den Richtlinien der Bio\u2026","rel":"","context":"\u00c4hnlicher Beitrag","block_context":{"text":"\u00c4hnlicher Beitrag","link":""},"img":{"alt_text":"","src":"https:\/\/i0.wp.com\/sunnehofai.ch\/wp-content\/uploads\/2020\/01\/Knospenballon.gif?resize=350%2C200&ssl=1","width":350,"height":200,"srcset":"https:\/\/i0.wp.com\/sunnehofai.ch\/wp-content\/uploads\/2020\/01\/Knospenballon.gif?resize=350%2C200&ssl=1 1x, https:\/\/i0.wp.com\/sunnehofai.ch\/wp-content\/uploads\/2020\/01\/Knospenballon.gif?resize=525%2C300&ssl=1 1.5x"},"classes":[]},{"id":101,"url":"https:\/\/sunnehofai.ch\/?page_id=101","url_meta":{"origin":68,"position":1},"title":"Holz \/ Schnitzelheizung","author":"Leandra","date":"M\u00e4rz 11, 2019","format":false,"excerpt":"Zu unserem Landwirtschaftsbetrieb geh\u00f6ren 8.5 ha Wald. Jeden Winter f\u00e4llen wir ca.150m3 Holz. Aus den sch\u00f6nen Tannen wird Bauholz gemacht. Das heisst, wir schneiden die St\u00e4mme zu, so dass wir sie dann am Waldrand vor Ort mit einem S\u00e4ger, der eine mobile S\u00e4gerei hat an Ort zu Bretter, Balken nach\u2026","rel":"","context":"\u00c4hnlicher Beitrag","block_context":{"text":"\u00c4hnlicher Beitrag","link":""},"img":{"alt_text":"","src":"https:\/\/i0.wp.com\/sunnehofai.ch\/wp-content\/uploads\/2020\/01\/schn2.jpg?resize=350%2C200&ssl=1","width":350,"height":200,"srcset":"https:\/\/i0.wp.com\/sunnehofai.ch\/wp-content\/uploads\/2020\/01\/schn2.jpg?resize=350%2C200&ssl=1 1x, https:\/\/i0.wp.com\/sunnehofai.ch\/wp-content\/uploads\/2020\/01\/schn2.jpg?resize=525%2C300&ssl=1 1.5x"},"classes":[]},{"id":62,"url":"https:\/\/sunnehofai.ch\/?page_id=62","url_meta":{"origin":68,"position":2},"title":"Familie","author":"Leandra","date":"M\u00e4rz 11, 2019","format":false,"excerpt":"Leandra besuchte die P\u00e4dagoische Hochschule in Kreuzlingen und arbeitet jetzt als Lehrerin. In ihrer Freizeit ist sie viel mit ihrer Fotokamera anzutreffen. Sie liebt es sich sportlich zu bet\u00e4tigen und die Familie kulinarisch zu verw\u00f6hnen. Lukas arbeitet bei einem ETH Spinoff als Software Ingenieur, ist Weltenbummler und begeisterter Hobbyfotograf. Aus\u2026","rel":"","context":"\u00c4hnlicher Beitrag","block_context":{"text":"\u00c4hnlicher Beitrag","link":""},"img":{"alt_text":"","src":"https:\/\/i0.wp.com\/sunnehofai.ch\/wp-content\/uploads\/2019\/04\/lukas.jpg?resize=350%2C200&ssl=1","width":350,"height":200},"classes":[]},{"id":77,"url":"https:\/\/sunnehofai.ch\/?page_id=77","url_meta":{"origin":68,"position":3},"title":"Pflanzenbau","author":"Leandra","date":"M\u00e4rz 11, 2019","format":false,"excerpt":"Von unseren 15ha Wiese sind 4ha \u00f6kologische Ausgleichsfl\u00e4che und 1 ha Blumenwiese. Da wir selber keine raufutterverzehrende Tiere mehr haben, m\u00e4hen wir s\u00e4mtliche Wiesen 2-4mal je nach Standort und Bewirtschaftungsgrad. Das Heu \u00fcbernimmt ein Bekannter f\u00fcrseine Jersey Rinder. Er bewirtschaftet auf seinem Betrieb viel Ackerland. Auf 15a pflanzen wir verschiedene\u2026","rel":"","context":"\u00c4hnlicher Beitrag","block_context":{"text":"\u00c4hnlicher Beitrag","link":""},"img":{"alt_text":"","src":"https:\/\/i0.wp.com\/sunnehofai.ch\/wp-content\/uploads\/2023\/04\/WhatsApp-Image-2023-03-25-at-09.12.58-1.jpeg?resize=350%2C200&ssl=1","width":350,"height":200,"srcset":"https:\/\/i0.wp.com\/sunnehofai.ch\/wp-content\/uploads\/2023\/04\/WhatsApp-Image-2023-03-25-at-09.12.58-1.jpeg?resize=350%2C200&ssl=1 1x, https:\/\/i0.wp.com\/sunnehofai.ch\/wp-content\/uploads\/2023\/04\/WhatsApp-Image-2023-03-25-at-09.12.58-1.jpeg?resize=525%2C300&ssl=1 1.5x, https:\/\/i0.wp.com\/sunnehofai.ch\/wp-content\/uploads\/2023\/04\/WhatsApp-Image-2023-03-25-at-09.12.58-1.jpeg?resize=700%2C400&ssl=1 2x, https:\/\/i0.wp.com\/sunnehofai.ch\/wp-content\/uploads\/2023\/04\/WhatsApp-Image-2023-03-25-at-09.12.58-1.jpeg?resize=1050%2C600&ssl=1 3x, https:\/\/i0.wp.com\/sunnehofai.ch\/wp-content\/uploads\/2023\/04\/WhatsApp-Image-2023-03-25-at-09.12.58-1.jpeg?resize=1400%2C800&ssl=1 4x"},"classes":[]},{"id":95,"url":"https:\/\/sunnehofai.ch\/?page_id=95","url_meta":{"origin":68,"position":4},"title":"Photovoltaik","author":"Leandra","date":"M\u00e4rz 11, 2019","format":false,"excerpt":"Sommer 2023Wir haben die PV Anlage um 50kWp erweitert. Davon beziehen wir den Strom f\u00fcr unseren t\u00e4glichen Bedarf. Der Rest wird ins \u00f6ffentliche Netz eingespiesen. Gesamthaft liefert die gesamte Anlage nun 150kWp. Juni 2012Aus den Solarzellen entsteht Gleichstrom, welcher in den Wechselrichtern in Wechselstrom umgewandelt wird und so ins \u00f6ffentliche\u2026","rel":"","context":"\u00c4hnlicher Beitrag","block_context":{"text":"\u00c4hnlicher Beitrag","link":""},"img":{"alt_text":"","src":"https:\/\/i0.wp.com\/sunnehofai.ch\/wp-content\/uploads\/2020\/01\/photovoltaik1-1.jpg?resize=350%2C200&ssl=1","width":350,"height":200,"srcset":"https:\/\/i0.wp.com\/sunnehofai.ch\/wp-content\/uploads\/2020\/01\/photovoltaik1-1.jpg?resize=350%2C200&ssl=1 1x, https:\/\/i0.wp.com\/sunnehofai.ch\/wp-content\/uploads\/2020\/01\/photovoltaik1-1.jpg?resize=525%2C300&ssl=1 1.5x, https:\/\/i0.wp.com\/sunnehofai.ch\/wp-content\/uploads\/2020\/01\/photovoltaik1-1.jpg?resize=700%2C400&ssl=1 2x"},"classes":[]},{"id":422,"url":"https:\/\/sunnehofai.ch\/?page_id=422","url_meta":{"origin":68,"position":5},"title":"1. August-Brunch","author":"Leandra","date":"Mai 5, 2019","format":false,"excerpt":"Kaum zu glauben: Seit mehr als 25 Jahren \u00f6ffnen Schweizer Bauernfamilien am Nationalfeiertag T\u00fcr und Tor und laden zum beliebten 1. August-Brunch auf dem Bauernhof. Auf unserem Hof bieten wir dieses Jahr den 1. August-Brunch an. Anmeldungen werden gerne bis zum 31.Juli \u00fcber Email oder Telefon entgegengenommen. Telefon: 071 744\u2026","rel":"","context":"\u00c4hnlicher Beitrag","block_context":{"text":"\u00c4hnlicher Beitrag","link":""},"img":{"alt_text":"","src":"https:\/\/i0.wp.com\/sunnehofai.ch\/wp-content\/uploads\/2019\/05\/DSC_5731.jpg?resize=350%2C200&ssl=1","width":350,"height":200,"srcset":"https:\/\/i0.wp.com\/sunnehofai.ch\/wp-content\/uploads\/2019\/05\/DSC_5731.jpg?resize=350%2C200&ssl=1 1x, https:\/\/i0.wp.com\/sunnehofai.ch\/wp-content\/uploads\/2019\/05\/DSC_5731.jpg?resize=525%2C300&ssl=1 1.5x, https:\/\/i0.wp.com\/sunnehofai.ch\/wp-content\/uploads\/2019\/05\/DSC_5731.jpg?resize=700%2C400&ssl=1 2x, https:\/\/i0.wp.com\/sunnehofai.ch\/wp-content\/uploads\/2019\/05\/DSC_5731.jpg?resize=1050%2C600&ssl=1 3x, https:\/\/i0.wp.com\/sunnehofai.ch\/wp-content\/uploads\/2019\/05\/DSC_5731.jpg?resize=1400%2C800&ssl=1 4x"},"classes":[]}],"_links":{"self":[{"href":"https:\/\/sunnehofai.ch\/index.php?rest_route=\/wp\/v2\/pages\/68","targetHints":{"allow":["GET"]}}],"collection":[{"href":"https:\/\/sunnehofai.ch\/index.php?rest_route=\/wp\/v2\/pages"}],"about":[{"href":"https:\/\/sunnehofai.ch\/index.php?rest_route=\/wp\/v2\/types\/page"}],"author":[{"embeddable":true,"href":"https:\/\/sunnehofai.ch\/index.php?rest_route=\/wp\/v2\/users\/2"}],"replies":[{"embeddable":true,"href":"https:\/\/sunnehofai.ch\/index.php?rest_route=%2Fwp%2Fv2%2Fcomments&post=68"}],"version-history":[{"count":19,"href":"https:\/\/sunnehofai.ch\/index.php?rest_route=\/wp\/v2\/pages\/68\/revisions"}],"predecessor-version":[{"id":2715,"href":"https:\/\/sunnehofai.ch\/index.php?rest_route=\/wp\/v2\/pages\/68\/revisions\/2715"}],"wp:attachment":[{"href":"https:\/\/sunnehofai.ch\/index.php?rest_route=%2Fwp%2Fv2%2Fmedia&parent=68"}],"curies":[{"name":"wp","href":"https:\/\/api.w.org\/{rel}","templated":true}]}}