{"id":77,"date":"2019-03-11T18:38:31","date_gmt":"2019-03-11T18:38:31","guid":{"rendered":"https:\/\/wp.sunnehofai.ch\/?page_id=77"},"modified":"2023-04-29T08:00:50","modified_gmt":"2023-04-29T08:00:50","slug":"pflanzenbau","status":"publish","type":"page","link":"https:\/\/sunnehofai.ch\/?page_id=77","title":{"rendered":"Pflanzenbau"},"content":{"rendered":"\n<p>Von unseren 15ha Wiese sind 4ha \u00f6kologische Ausgleichsfl\u00e4che und 1 ha Blumenwiese.<\/p>\n\n\n\n<figure class=\"wp-block-image size-large\"><img loading=\"lazy\" decoding=\"async\" width=\"1024\" height=\"462\" data-attachment-id=\"2600\" data-permalink=\"https:\/\/sunnehofai.ch\/?attachment_id=2600\" data-orig-file=\"https:\/\/sunnehofai.ch\/wp-content\/uploads\/2023\/04\/WhatsApp-Image-2023-03-25-at-09.12.58-1.jpeg\" data-orig-size=\"2048,923\" data-comments-opened=\"0\" data-image-meta=\"{&quot;aperture&quot;:&quot;0&quot;,&quot;credit&quot;:&quot;&quot;,&quot;camera&quot;:&quot;&quot;,&quot;caption&quot;:&quot;&quot;,&quot;created_timestamp&quot;:&quot;0&quot;,&quot;copyright&quot;:&quot;&quot;,&quot;focal_length&quot;:&quot;0&quot;,&quot;iso&quot;:&quot;0&quot;,&quot;shutter_speed&quot;:&quot;0&quot;,&quot;title&quot;:&quot;&quot;,&quot;orientation&quot;:&quot;0&quot;}\" data-image-title=\"WhatsApp-Image-2023-03-25-at-09.12.58-1\" data-image-description=\"\" data-image-caption=\"\" data-large-file=\"https:\/\/sunnehofai.ch\/wp-content\/uploads\/2023\/04\/WhatsApp-Image-2023-03-25-at-09.12.58-1-1024x462.jpeg\" src=\"https:\/\/sunnehofai.ch\/wp-content\/uploads\/2023\/04\/WhatsApp-Image-2023-03-25-at-09.12.58-1-1024x462.jpeg\" alt=\"\" class=\"wp-image-2600\" srcset=\"https:\/\/sunnehofai.ch\/wp-content\/uploads\/2023\/04\/WhatsApp-Image-2023-03-25-at-09.12.58-1-1024x462.jpeg 1024w, https:\/\/sunnehofai.ch\/wp-content\/uploads\/2023\/04\/WhatsApp-Image-2023-03-25-at-09.12.58-1-300x135.jpeg 300w, https:\/\/sunnehofai.ch\/wp-content\/uploads\/2023\/04\/WhatsApp-Image-2023-03-25-at-09.12.58-1-768x346.jpeg 768w, https:\/\/sunnehofai.ch\/wp-content\/uploads\/2023\/04\/WhatsApp-Image-2023-03-25-at-09.12.58-1-1536x692.jpeg 1536w, https:\/\/sunnehofai.ch\/wp-content\/uploads\/2023\/04\/WhatsApp-Image-2023-03-25-at-09.12.58-1.jpeg 2048w\" sizes=\"auto, (max-width: 1024px) 100vw, 1024px\" \/><\/figure>\n\n\n\n<figure class=\"wp-block-image size-large\"><img loading=\"lazy\" decoding=\"async\" width=\"1024\" height=\"462\" data-attachment-id=\"2599\" data-permalink=\"https:\/\/sunnehofai.ch\/?attachment_id=2599\" data-orig-file=\"https:\/\/sunnehofai.ch\/wp-content\/uploads\/2023\/04\/WhatsApp-Image-2023-03-25-at-09.14.06-1.jpeg\" data-orig-size=\"2048,923\" data-comments-opened=\"0\" data-image-meta=\"{&quot;aperture&quot;:&quot;0&quot;,&quot;credit&quot;:&quot;&quot;,&quot;camera&quot;:&quot;&quot;,&quot;caption&quot;:&quot;&quot;,&quot;created_timestamp&quot;:&quot;0&quot;,&quot;copyright&quot;:&quot;&quot;,&quot;focal_length&quot;:&quot;0&quot;,&quot;iso&quot;:&quot;0&quot;,&quot;shutter_speed&quot;:&quot;0&quot;,&quot;title&quot;:&quot;&quot;,&quot;orientation&quot;:&quot;0&quot;}\" data-image-title=\"WhatsApp-Image-2023-03-25-at-09.14.06-1\" data-image-description=\"\" data-image-caption=\"\" data-large-file=\"https:\/\/sunnehofai.ch\/wp-content\/uploads\/2023\/04\/WhatsApp-Image-2023-03-25-at-09.14.06-1-1024x462.jpeg\" src=\"https:\/\/sunnehofai.ch\/wp-content\/uploads\/2023\/04\/WhatsApp-Image-2023-03-25-at-09.14.06-1-1024x462.jpeg\" alt=\"\" class=\"wp-image-2599\" srcset=\"https:\/\/sunnehofai.ch\/wp-content\/uploads\/2023\/04\/WhatsApp-Image-2023-03-25-at-09.14.06-1-1024x462.jpeg 1024w, https:\/\/sunnehofai.ch\/wp-content\/uploads\/2023\/04\/WhatsApp-Image-2023-03-25-at-09.14.06-1-300x135.jpeg 300w, https:\/\/sunnehofai.ch\/wp-content\/uploads\/2023\/04\/WhatsApp-Image-2023-03-25-at-09.14.06-1-768x346.jpeg 768w, https:\/\/sunnehofai.ch\/wp-content\/uploads\/2023\/04\/WhatsApp-Image-2023-03-25-at-09.14.06-1-1536x692.jpeg 1536w, https:\/\/sunnehofai.ch\/wp-content\/uploads\/2023\/04\/WhatsApp-Image-2023-03-25-at-09.14.06-1.jpeg 2048w\" sizes=\"auto, (max-width: 1024px) 100vw, 1024px\" \/><\/figure>\n\n\n\n<p><br>Da wir selber keine raufutterverzehrende Tiere mehr haben, m\u00e4hen wir s\u00e4mtliche Wiesen 2-<br>4mal je nach Standort und Bewirtschaftungsgrad. Das Heu \u00fcbernimmt ein Bekannter f\u00fcr<br>seine Jersey Rinder. Er bewirtschaftet auf seinem Betrieb viel Ackerland.<\/p>\n\n\n\n<div class=\"wp-block-jetpack-tiled-gallery aligncenter is-style-rectangular\"><div class=\"tiled-gallery__gallery\"><div class=\"tiled-gallery__row\"><div class=\"tiled-gallery__col\" style=\"flex-basis:50.00000%\"><figure class=\"tiled-gallery__item\"><img decoding=\"async\" data-attachment-id=\"2598\" data-permalink=\"https:\/\/sunnehofai.ch\/?attachment_id=2598\" data-orig-file=\"https:\/\/sunnehofai.ch\/wp-content\/uploads\/2023\/04\/WhatsApp-Image-2023-03-25-at-09.00.05-1.jpeg\" data-orig-size=\"923,2048\" data-comments-opened=\"0\" data-image-meta=\"{&quot;aperture&quot;:&quot;0&quot;,&quot;credit&quot;:&quot;&quot;,&quot;camera&quot;:&quot;&quot;,&quot;caption&quot;:&quot;&quot;,&quot;created_timestamp&quot;:&quot;0&quot;,&quot;copyright&quot;:&quot;&quot;,&quot;focal_length&quot;:&quot;0&quot;,&quot;iso&quot;:&quot;0&quot;,&quot;shutter_speed&quot;:&quot;0&quot;,&quot;title&quot;:&quot;&quot;,&quot;orientation&quot;:&quot;0&quot;}\" data-image-title=\"WhatsApp-Image-2023-03-25-at-09.00.05-1\" data-image-description=\"\" data-image-caption=\"\" data-large-file=\"https:\/\/sunnehofai.ch\/wp-content\/uploads\/2023\/04\/WhatsApp-Image-2023-03-25-at-09.00.05-1-462x1024.jpeg\" data-attachment-id=\"2598\" data-permalink=\"https:\/\/sunnehofai.ch\/?attachment_id=2598\" data-orig-file=\"https:\/\/sunnehofai.ch\/wp-content\/uploads\/2023\/04\/WhatsApp-Image-2023-03-25-at-09.00.05-1.jpeg\" data-orig-size=\"923,2048\" data-comments-opened=\"0\" data-image-meta=\"{&quot;aperture&quot;:&quot;0&quot;,&quot;credit&quot;:&quot;&quot;,&quot;camera&quot;:&quot;&quot;,&quot;caption&quot;:&quot;&quot;,&quot;created_timestamp&quot;:&quot;0&quot;,&quot;copyright&quot;:&quot;&quot;,&quot;focal_length&quot;:&quot;0&quot;,&quot;iso&quot;:&quot;0&quot;,&quot;shutter_speed&quot;:&quot;0&quot;,&quot;title&quot;:&quot;&quot;,&quot;orientation&quot;:&quot;0&quot;}\" data-image-title=\"WhatsApp-Image-2023-03-25-at-09.00.05-1\" data-image-description=\"\" data-image-caption=\"\" data-large-file=\"https:\/\/sunnehofai.ch\/wp-content\/uploads\/2023\/04\/WhatsApp-Image-2023-03-25-at-09.00.05-1-462x1024.jpeg\" role=\"button\" tabindex=\"0\" aria-label=\"Bild\u00a01 von 2 im Vollbildmodus \u00f6ffnen\"srcset=\"https:\/\/i2.wp.com\/sunnehofai.ch\/wp-content\/uploads\/2023\/04\/WhatsApp-Image-2023-03-25-at-09.00.05-1-462x1024.jpeg?strip=info&#038;w=600&#038;ssl=1 600w,https:\/\/i2.wp.com\/sunnehofai.ch\/wp-content\/uploads\/2023\/04\/WhatsApp-Image-2023-03-25-at-09.00.05-1-462x1024.jpeg?strip=info&#038;w=900&#038;ssl=1 900w,https:\/\/i2.wp.com\/sunnehofai.ch\/wp-content\/uploads\/2023\/04\/WhatsApp-Image-2023-03-25-at-09.00.05-1-462x1024.jpeg?strip=info&#038;w=923&#038;ssl=1 923w\" alt=\"\" data-height=\"2048\" data-id=\"2598\" data-link=\"https:\/\/sunnehofai.ch\/?attachment_id=2598\" data-url=\"https:\/\/sunnehofai.ch\/wp-content\/uploads\/2023\/04\/WhatsApp-Image-2023-03-25-at-09.00.05-1-462x1024.jpeg\" data-width=\"923\" src=\"https:\/\/i2.wp.com\/sunnehofai.ch\/wp-content\/uploads\/2023\/04\/WhatsApp-Image-2023-03-25-at-09.00.05-1-462x1024.jpeg?ssl=1\" data-amp-layout=\"responsive\"\/><\/figure><\/div><div class=\"tiled-gallery__col\" style=\"flex-basis:50.00000%\"><figure class=\"tiled-gallery__item\"><img decoding=\"async\" data-attachment-id=\"2601\" data-permalink=\"https:\/\/sunnehofai.ch\/?attachment_id=2601\" data-orig-file=\"https:\/\/sunnehofai.ch\/wp-content\/uploads\/2023\/04\/WhatsApp-Image-2023-03-25-at-09.03.59-1-1.jpeg\" data-orig-size=\"923,2048\" data-comments-opened=\"0\" data-image-meta=\"{&quot;aperture&quot;:&quot;0&quot;,&quot;credit&quot;:&quot;&quot;,&quot;camera&quot;:&quot;&quot;,&quot;caption&quot;:&quot;&quot;,&quot;created_timestamp&quot;:&quot;0&quot;,&quot;copyright&quot;:&quot;&quot;,&quot;focal_length&quot;:&quot;0&quot;,&quot;iso&quot;:&quot;0&quot;,&quot;shutter_speed&quot;:&quot;0&quot;,&quot;title&quot;:&quot;&quot;,&quot;orientation&quot;:&quot;0&quot;}\" data-image-title=\"WhatsApp-Image-2023-03-25-at-09.03.59-1-1\" data-image-description=\"\" data-image-caption=\"\" data-large-file=\"https:\/\/sunnehofai.ch\/wp-content\/uploads\/2023\/04\/WhatsApp-Image-2023-03-25-at-09.03.59-1-1-462x1024.jpeg\" data-attachment-id=\"2601\" data-permalink=\"https:\/\/sunnehofai.ch\/?attachment_id=2601\" data-orig-file=\"https:\/\/sunnehofai.ch\/wp-content\/uploads\/2023\/04\/WhatsApp-Image-2023-03-25-at-09.03.59-1-1.jpeg\" data-orig-size=\"923,2048\" data-comments-opened=\"0\" data-image-meta=\"{&quot;aperture&quot;:&quot;0&quot;,&quot;credit&quot;:&quot;&quot;,&quot;camera&quot;:&quot;&quot;,&quot;caption&quot;:&quot;&quot;,&quot;created_timestamp&quot;:&quot;0&quot;,&quot;copyright&quot;:&quot;&quot;,&quot;focal_length&quot;:&quot;0&quot;,&quot;iso&quot;:&quot;0&quot;,&quot;shutter_speed&quot;:&quot;0&quot;,&quot;title&quot;:&quot;&quot;,&quot;orientation&quot;:&quot;0&quot;}\" data-image-title=\"WhatsApp-Image-2023-03-25-at-09.03.59-1-1\" data-image-description=\"\" data-image-caption=\"\" data-large-file=\"https:\/\/sunnehofai.ch\/wp-content\/uploads\/2023\/04\/WhatsApp-Image-2023-03-25-at-09.03.59-1-1-462x1024.jpeg\" role=\"button\" tabindex=\"0\" aria-label=\"Bild\u00a02 von 2 im Vollbildmodus \u00f6ffnen\"srcset=\"https:\/\/i0.wp.com\/sunnehofai.ch\/wp-content\/uploads\/2023\/04\/WhatsApp-Image-2023-03-25-at-09.03.59-1-1-462x1024.jpeg?strip=info&#038;w=600&#038;ssl=1 600w,https:\/\/i0.wp.com\/sunnehofai.ch\/wp-content\/uploads\/2023\/04\/WhatsApp-Image-2023-03-25-at-09.03.59-1-1-462x1024.jpeg?strip=info&#038;w=900&#038;ssl=1 900w,https:\/\/i0.wp.com\/sunnehofai.ch\/wp-content\/uploads\/2023\/04\/WhatsApp-Image-2023-03-25-at-09.03.59-1-1-462x1024.jpeg?strip=info&#038;w=923&#038;ssl=1 923w\" alt=\"\" data-height=\"2048\" data-id=\"2601\" data-link=\"https:\/\/sunnehofai.ch\/?attachment_id=2601\" data-url=\"https:\/\/sunnehofai.ch\/wp-content\/uploads\/2023\/04\/WhatsApp-Image-2023-03-25-at-09.03.59-1-1-462x1024.jpeg\" data-width=\"923\" src=\"https:\/\/i0.wp.com\/sunnehofai.ch\/wp-content\/uploads\/2023\/04\/WhatsApp-Image-2023-03-25-at-09.03.59-1-1-462x1024.jpeg?ssl=1\" data-amp-layout=\"responsive\"\/><\/figure><\/div><\/div><\/div><\/div>\n\n\n\n<p><br>Auf 15a pflanzen wir verschiedene Gem\u00fcsearten und auf 15a zus\u00e4tzlich 7 Sorten Beeren.<br><br>Die Pflege von ca. 800m Hecken und 170 Obstb\u00e4umen geh\u00f6ren auch dazu.<\/p>\n\n\n\n<figure class=\"wp-block-image size-large\"><img loading=\"lazy\" decoding=\"async\" width=\"1024\" height=\"462\" data-attachment-id=\"2640\" data-permalink=\"https:\/\/sunnehofai.ch\/?attachment_id=2640\" data-orig-file=\"https:\/\/sunnehofai.ch\/wp-content\/uploads\/2023\/04\/WhatsApp-Image-2023-04-03-at-20.10.40.jpeg\" data-orig-size=\"2048,923\" data-comments-opened=\"0\" data-image-meta=\"{&quot;aperture&quot;:&quot;0&quot;,&quot;credit&quot;:&quot;&quot;,&quot;camera&quot;:&quot;&quot;,&quot;caption&quot;:&quot;&quot;,&quot;created_timestamp&quot;:&quot;0&quot;,&quot;copyright&quot;:&quot;&quot;,&quot;focal_length&quot;:&quot;0&quot;,&quot;iso&quot;:&quot;0&quot;,&quot;shutter_speed&quot;:&quot;0&quot;,&quot;title&quot;:&quot;&quot;,&quot;orientation&quot;:&quot;0&quot;}\" data-image-title=\"WhatsApp-Image-2023-04-03-at-20.10.40\" data-image-description=\"\" data-image-caption=\"\" data-large-file=\"https:\/\/sunnehofai.ch\/wp-content\/uploads\/2023\/04\/WhatsApp-Image-2023-04-03-at-20.10.40-1024x462.jpeg\" src=\"https:\/\/sunnehofai.ch\/wp-content\/uploads\/2023\/04\/WhatsApp-Image-2023-04-03-at-20.10.40-1024x462.jpeg\" alt=\"\" class=\"wp-image-2640\" srcset=\"https:\/\/sunnehofai.ch\/wp-content\/uploads\/2023\/04\/WhatsApp-Image-2023-04-03-at-20.10.40-1024x462.jpeg 1024w, https:\/\/sunnehofai.ch\/wp-content\/uploads\/2023\/04\/WhatsApp-Image-2023-04-03-at-20.10.40-300x135.jpeg 300w, https:\/\/sunnehofai.ch\/wp-content\/uploads\/2023\/04\/WhatsApp-Image-2023-04-03-at-20.10.40-768x346.jpeg 768w, https:\/\/sunnehofai.ch\/wp-content\/uploads\/2023\/04\/WhatsApp-Image-2023-04-03-at-20.10.40-1536x692.jpeg 1536w, https:\/\/sunnehofai.ch\/wp-content\/uploads\/2023\/04\/WhatsApp-Image-2023-04-03-at-20.10.40.jpeg 2048w\" sizes=\"auto, (max-width: 1024px) 100vw, 1024px\" \/><\/figure>\n\n\n\n<figure class=\"wp-block-image size-large\"><img loading=\"lazy\" decoding=\"async\" width=\"462\" height=\"1024\" data-attachment-id=\"2639\" data-permalink=\"https:\/\/sunnehofai.ch\/?attachment_id=2639\" data-orig-file=\"https:\/\/sunnehofai.ch\/wp-content\/uploads\/2023\/04\/WhatsApp-Image-2023-04-03-at-20.10.54.jpeg\" data-orig-size=\"923,2048\" data-comments-opened=\"0\" data-image-meta=\"{&quot;aperture&quot;:&quot;0&quot;,&quot;credit&quot;:&quot;&quot;,&quot;camera&quot;:&quot;&quot;,&quot;caption&quot;:&quot;&quot;,&quot;created_timestamp&quot;:&quot;0&quot;,&quot;copyright&quot;:&quot;&quot;,&quot;focal_length&quot;:&quot;0&quot;,&quot;iso&quot;:&quot;0&quot;,&quot;shutter_speed&quot;:&quot;0&quot;,&quot;title&quot;:&quot;&quot;,&quot;orientation&quot;:&quot;0&quot;}\" data-image-title=\"WhatsApp-Image-2023-04-03-at-20.10.54\" data-image-description=\"\" data-image-caption=\"\" data-large-file=\"https:\/\/sunnehofai.ch\/wp-content\/uploads\/2023\/04\/WhatsApp-Image-2023-04-03-at-20.10.54-462x1024.jpeg\" src=\"https:\/\/sunnehofai.ch\/wp-content\/uploads\/2023\/04\/WhatsApp-Image-2023-04-03-at-20.10.54-462x1024.jpeg\" alt=\"\" class=\"wp-image-2639\" srcset=\"https:\/\/sunnehofai.ch\/wp-content\/uploads\/2023\/04\/WhatsApp-Image-2023-04-03-at-20.10.54-462x1024.jpeg 462w, https:\/\/sunnehofai.ch\/wp-content\/uploads\/2023\/04\/WhatsApp-Image-2023-04-03-at-20.10.54-135x300.jpeg 135w, https:\/\/sunnehofai.ch\/wp-content\/uploads\/2023\/04\/WhatsApp-Image-2023-04-03-at-20.10.54-768x1704.jpeg 768w, https:\/\/sunnehofai.ch\/wp-content\/uploads\/2023\/04\/WhatsApp-Image-2023-04-03-at-20.10.54-692x1536.jpeg 692w, https:\/\/sunnehofai.ch\/wp-content\/uploads\/2023\/04\/WhatsApp-Image-2023-04-03-at-20.10.54.jpeg 923w\" sizes=\"auto, (max-width: 462px) 100vw, 462px\" \/><\/figure>\n","protected":false},"excerpt":{"rendered":"<p>Von unseren 15ha Wiese sind 4ha \u00f6kologische Ausgleichsfl\u00e4che und 1 ha Blumenwiese. Da wir selber keine raufutterverzehrende Tiere mehr haben, m\u00e4hen wir s\u00e4mtliche Wiesen 2-4mal je nach Standort und Bewirtschaftungsgrad. Das Heu \u00fcbernimmt ein Bekannter f\u00fcrseine Jersey Rinder. Er bewirtschaftet auf seinem Betrieb viel Ackerland. Auf 15a pflanzen wir verschiedene Gem\u00fcsearten und auf 15a zus\u00e4tzlich [&hellip;]<\/p>\n","protected":false},"author":2,"featured_media":0,"parent":0,"menu_order":0,"comment_status":"closed","ping_status":"closed","template":"","meta":{"zakra_page_container_layout":"centered","zakra_page_sidebar_layout":"no_sidebar","zakra_remove_content_margin":false,"zakra_sidebar":"customizer","zakra_transparent_header":"0","zakra_logo":0,"zakra_main_header_style":"default","zakra_menu_item_color":"","zakra_menu_item_hover_color":"","zakra_menu_item_active_color":"","zakra_menu_active_style":"","zakra_page_header":true,"jetpack_post_was_ever_published":false,"footnotes":""},"class_list":["post-77","page","type-page","status-publish","hentry"],"jetpack_sharing_enabled":true,"jetpack-related-posts":[{"id":68,"url":"https:\/\/sunnehofai.ch\/?page_id=68","url_meta":{"origin":77,"position":0},"title":"Betrieb","author":"Leandra","date":"M\u00e4rz 11, 2019","format":false,"excerpt":"Mit Sicht auf das Vorarlberg, verw\u00f6hnt von Sonne und umgeben von steilen Wiesenh\u00e4ngenleben wir auf unserem Bio-Landwirtschaftsbetrieb. Auf 650m \u00fc. M. in der BZ 1 bewirtschaften wir seit 1989 unseren Hof. Seit 1991 produzierenwir nach den Richtlinien der Bio Suisse, nach dem Motto: ist die Knospe drauf ist Bio drin.\u2026","rel":"","context":"\u00c4hnlicher Beitrag","block_context":{"text":"\u00c4hnlicher Beitrag","link":""},"img":{"alt_text":"","src":"https:\/\/i0.wp.com\/sunnehofai.ch\/wp-content\/uploads\/2023\/04\/WhatsApp-Image-2023-03-25-at-08.49.57-1-1.jpeg?resize=350%2C200&ssl=1","width":350,"height":200,"srcset":"https:\/\/i0.wp.com\/sunnehofai.ch\/wp-content\/uploads\/2023\/04\/WhatsApp-Image-2023-03-25-at-08.49.57-1-1.jpeg?resize=350%2C200&ssl=1 1x, https:\/\/i0.wp.com\/sunnehofai.ch\/wp-content\/uploads\/2023\/04\/WhatsApp-Image-2023-03-25-at-08.49.57-1-1.jpeg?resize=525%2C300&ssl=1 1.5x, https:\/\/i0.wp.com\/sunnehofai.ch\/wp-content\/uploads\/2023\/04\/WhatsApp-Image-2023-03-25-at-08.49.57-1-1.jpeg?resize=700%2C400&ssl=1 2x, https:\/\/i0.wp.com\/sunnehofai.ch\/wp-content\/uploads\/2023\/04\/WhatsApp-Image-2023-03-25-at-08.49.57-1-1.jpeg?resize=1050%2C600&ssl=1 3x, https:\/\/i0.wp.com\/sunnehofai.ch\/wp-content\/uploads\/2023\/04\/WhatsApp-Image-2023-03-25-at-08.49.57-1-1.jpeg?resize=1400%2C800&ssl=1 4x"},"classes":[]},{"id":113,"url":"https:\/\/sunnehofai.ch\/?page_id=113","url_meta":{"origin":77,"position":1},"title":"Knospe","author":"Leandra","date":"M\u00e4rz 11, 2019","format":false,"excerpt":"Seit 1981 haben sich die Schweizer Biobauern und Biob\u00e4uerinnen zur\u00a0Bio Suissezusammengeschlossen und sich auf ein Label (die Knospe) sowie einheitliche Richtlinien auf hohem \u00f6kologischem Niveau geeinigt. Gut 6500 Betriebe sind berechtigt sich mit dem Knospe Label auszuzeichnen. Rund acht Prozent der landwirtschaftlich genutzten Fl\u00e4che werden nach den Richtlinien der Bio\u2026","rel":"","context":"\u00c4hnlicher Beitrag","block_context":{"text":"\u00c4hnlicher Beitrag","link":""},"img":{"alt_text":"","src":"https:\/\/i0.wp.com\/sunnehofai.ch\/wp-content\/uploads\/2020\/01\/Knospenballon.gif?resize=350%2C200&ssl=1","width":350,"height":200,"srcset":"https:\/\/i0.wp.com\/sunnehofai.ch\/wp-content\/uploads\/2020\/01\/Knospenballon.gif?resize=350%2C200&ssl=1 1x, https:\/\/i0.wp.com\/sunnehofai.ch\/wp-content\/uploads\/2020\/01\/Knospenballon.gif?resize=525%2C300&ssl=1 1.5x"},"classes":[]},{"id":62,"url":"https:\/\/sunnehofai.ch\/?page_id=62","url_meta":{"origin":77,"position":2},"title":"Familie","author":"Leandra","date":"M\u00e4rz 11, 2019","format":false,"excerpt":"Leandra besuchte die P\u00e4dagoische Hochschule in Kreuzlingen und arbeitet jetzt als Lehrerin. In ihrer Freizeit ist sie viel mit ihrer Fotokamera anzutreffen. Sie liebt es sich sportlich zu bet\u00e4tigen und die Familie kulinarisch zu verw\u00f6hnen. Lukas arbeitet bei einem ETH Spinoff als Software Ingenieur, ist Weltenbummler und begeisterter Hobbyfotograf. Aus\u2026","rel":"","context":"\u00c4hnlicher Beitrag","block_context":{"text":"\u00c4hnlicher Beitrag","link":""},"img":{"alt_text":"","src":"https:\/\/i0.wp.com\/sunnehofai.ch\/wp-content\/uploads\/2019\/04\/lukas.jpg?resize=350%2C200&ssl=1","width":350,"height":200},"classes":[]}],"_links":{"self":[{"href":"https:\/\/sunnehofai.ch\/index.php?rest_route=\/wp\/v2\/pages\/77","targetHints":{"allow":["GET"]}}],"collection":[{"href":"https:\/\/sunnehofai.ch\/index.php?rest_route=\/wp\/v2\/pages"}],"about":[{"href":"https:\/\/sunnehofai.ch\/index.php?rest_route=\/wp\/v2\/types\/page"}],"author":[{"embeddable":true,"href":"https:\/\/sunnehofai.ch\/index.php?rest_route=\/wp\/v2\/users\/2"}],"replies":[{"embeddable":true,"href":"https:\/\/sunnehofai.ch\/index.php?rest_route=%2Fwp%2Fv2%2Fcomments&post=77"}],"version-history":[{"count":23,"href":"https:\/\/sunnehofai.ch\/index.php?rest_route=\/wp\/v2\/pages\/77\/revisions"}],"predecessor-version":[{"id":2641,"href":"https:\/\/sunnehofai.ch\/index.php?rest_route=\/wp\/v2\/pages\/77\/revisions\/2641"}],"wp:attachment":[{"href":"https:\/\/sunnehofai.ch\/index.php?rest_route=%2Fwp%2Fv2%2Fmedia&parent=77"}],"curies":[{"name":"wp","href":"https:\/\/api.w.org\/{rel}","templated":true}]}}