{"id":89,"date":"2019-03-11T18:48:07","date_gmt":"2019-03-11T18:48:07","guid":{"rendered":"https:\/\/wp.sunnehofai.ch\/?page_id=89"},"modified":"2023-04-02T16:57:28","modified_gmt":"2023-04-02T16:57:28","slug":"bauernmarkt","status":"publish","type":"page","link":"https:\/\/sunnehofai.ch\/?page_id=89","title":{"rendered":"Bauernmarkt"},"content":{"rendered":"\n<p>Jeden Freitag von Anfangs April bis Ende November verkaufen wir am St.Galler Bauernmarkt<br>an unserem Marktstand unsere Produkte.<\/p>\n\n\n\n<figure class=\"wp-block-image size-full\"><img decoding=\"async\" data-attachment-id=\"2607\" data-permalink=\"https:\/\/sunnehofai.ch\/?attachment_id=2607\" data-orig-file=\"https:\/\/sunnehofai.ch\/wp-content\/uploads\/2023\/04\/052_Bischofberger_Oberegg.jpg\" data-orig-size=\"\" data-comments-opened=\"0\" data-image-meta=\"[]\" data-image-title=\"052_Bischofberger_Oberegg\" data-image-description=\"\" data-image-caption=\"\" data-large-file=\"https:\/\/sunnehofai.ch\/wp-content\/uploads\/2023\/04\/052_Bischofberger_Oberegg.jpg\" src=\"https:\/\/sunnehofai.ch\/wp-content\/uploads\/2023\/04\/052_Bischofberger_Oberegg.jpg\" alt=\"\" class=\"wp-image-2607\"\/><\/figure>\n\n\n\n<p><br>F\u00fcr unsere aromatischen Tomaten sind wir bekannt. Zucchetti, Buschbohnen, Snackgurken,<br>K\u00fcrbis. Je nach Saison gibt\u2019s das entsprechende Gem\u00fcse.<\/p>\n\n\n\n<figure class=\"wp-block-image size-full\"><img decoding=\"async\" data-attachment-id=\"2608\" data-permalink=\"https:\/\/sunnehofai.ch\/?attachment_id=2608\" data-orig-file=\"https:\/\/sunnehofai.ch\/wp-content\/uploads\/2023\/04\/047_Bischofberger_Oberegg.jpg\" data-orig-size=\"\" data-comments-opened=\"0\" data-image-meta=\"[]\" data-image-title=\"047_Bischofberger_Oberegg\" data-image-description=\"\" data-image-caption=\"\" data-large-file=\"https:\/\/sunnehofai.ch\/wp-content\/uploads\/2023\/04\/047_Bischofberger_Oberegg.jpg\" src=\"https:\/\/sunnehofai.ch\/wp-content\/uploads\/2023\/04\/047_Bischofberger_Oberegg.jpg\" alt=\"\" class=\"wp-image-2608\"\/><\/figure>\n\n\n\n<p><br>Besonders beliebt sind auch unsere herrlichen Erdbeeren. Himbeeren, Heidelbeeren,<br>Johannisbeeren gelb, rot, schwarz, auch Brombeeren wachsen bei uns an unserer sonnigen<br>Lage.<\/p>\n\n\n\n<figure class=\"wp-block-gallery has-nested-images columns-default is-cropped wp-block-gallery-1 is-layout-flex wp-block-gallery-is-layout-flex\">\n<figure class=\"wp-block-image size-large\"><img loading=\"lazy\" decoding=\"async\" width=\"1024\" height=\"683\" data-attachment-id=\"2609\" data-permalink=\"https:\/\/sunnehofai.ch\/?attachment_id=2609\" data-orig-file=\"https:\/\/sunnehofai.ch\/wp-content\/uploads\/2023\/04\/044_Bischofberger_Oberegg-scaled.jpg\" data-orig-size=\"2560,1707\" data-comments-opened=\"0\" data-image-meta=\"{&quot;aperture&quot;:&quot;6.3&quot;,&quot;credit&quot;:&quot;Corinne Kunz&quot;,&quot;camera&quot;:&quot;Canon EOS 5DS R&quot;,&quot;caption&quot;:&quot;&quot;,&quot;created_timestamp&quot;:&quot;1596789095&quot;,&quot;copyright&quot;:&quot;Corinne Kunz FOTO&quot;,&quot;focal_length&quot;:&quot;50&quot;,&quot;iso&quot;:&quot;640&quot;,&quot;shutter_speed&quot;:&quot;0.0125&quot;,&quot;title&quot;:&quot;&quot;,&quot;orientation&quot;:&quot;1&quot;}\" data-image-title=\"044_Bischofberger_Oberegg\" data-image-description=\"\" data-image-caption=\"\" data-large-file=\"https:\/\/sunnehofai.ch\/wp-content\/uploads\/2023\/04\/044_Bischofberger_Oberegg-1024x683.jpg\" data-id=\"2609\" src=\"https:\/\/sunnehofai.ch\/wp-content\/uploads\/2023\/04\/044_Bischofberger_Oberegg-1024x683.jpg\" alt=\"\" class=\"wp-image-2609\" srcset=\"https:\/\/sunnehofai.ch\/wp-content\/uploads\/2023\/04\/044_Bischofberger_Oberegg-1024x683.jpg 1024w, https:\/\/sunnehofai.ch\/wp-content\/uploads\/2023\/04\/044_Bischofberger_Oberegg-300x200.jpg 300w, https:\/\/sunnehofai.ch\/wp-content\/uploads\/2023\/04\/044_Bischofberger_Oberegg-768x512.jpg 768w\" sizes=\"auto, (max-width: 1024px) 100vw, 1024px\" \/><\/figure>\n\n\n\n<figure class=\"wp-block-image size-large\"><img loading=\"lazy\" decoding=\"async\" width=\"1024\" height=\"683\" data-attachment-id=\"2605\" data-permalink=\"https:\/\/sunnehofai.ch\/?attachment_id=2605\" data-orig-file=\"https:\/\/sunnehofai.ch\/wp-content\/uploads\/2023\/04\/DSC_0115-scaled.jpg\" data-orig-size=\"2560,1707\" data-comments-opened=\"0\" data-image-meta=\"{&quot;aperture&quot;:&quot;5.6&quot;,&quot;credit&quot;:&quot;&quot;,&quot;camera&quot;:&quot;NIKON D3100&quot;,&quot;caption&quot;:&quot;&quot;,&quot;created_timestamp&quot;:&quot;1591940871&quot;,&quot;copyright&quot;:&quot;&quot;,&quot;focal_length&quot;:&quot;55&quot;,&quot;iso&quot;:&quot;800&quot;,&quot;shutter_speed&quot;:&quot;0.0125&quot;,&quot;title&quot;:&quot;&quot;,&quot;orientation&quot;:&quot;1&quot;}\" data-image-title=\"DSC_0115\" data-image-description=\"\" data-image-caption=\"\" data-large-file=\"https:\/\/sunnehofai.ch\/wp-content\/uploads\/2023\/04\/DSC_0115-1024x683.jpg\" data-id=\"2605\" src=\"https:\/\/sunnehofai.ch\/wp-content\/uploads\/2023\/04\/DSC_0115-1024x683.jpg\" alt=\"\" class=\"wp-image-2605\" srcset=\"https:\/\/sunnehofai.ch\/wp-content\/uploads\/2023\/04\/DSC_0115-1024x683.jpg 1024w, https:\/\/sunnehofai.ch\/wp-content\/uploads\/2023\/04\/DSC_0115-300x200.jpg 300w, https:\/\/sunnehofai.ch\/wp-content\/uploads\/2023\/04\/DSC_0115-768x512.jpg 768w, https:\/\/sunnehofai.ch\/wp-content\/uploads\/2023\/04\/DSC_0115-1536x1024.jpg 1536w\" sizes=\"auto, (max-width: 1024px) 100vw, 1024px\" \/><\/figure>\n<\/figure>\n\n\n\n<p><br>Gem\u00fcse und Beeren verarbeiten wir je nach Sorte weiter zu D\u00f6rrgem\u00fcse, feinen Konfit\u00fcren,<br>Sirup, Pesto und Fruchtkuchen.<\/p>\n\n\n\n<figure class=\"wp-block-image size-large\"><img loading=\"lazy\" decoding=\"async\" width=\"1024\" height=\"684\" data-attachment-id=\"743\" data-permalink=\"https:\/\/sunnehofai.ch\/?attachment_id=743\" data-orig-file=\"https:\/\/sunnehofai.ch\/wp-content\/uploads\/2019\/05\/DSC_4794.jpg\" data-orig-size=\"6016,4016\" data-comments-opened=\"1\" data-image-meta=\"{&quot;aperture&quot;:&quot;4&quot;,&quot;credit&quot;:&quot;&quot;,&quot;camera&quot;:&quot;NIKON D750&quot;,&quot;caption&quot;:&quot;&quot;,&quot;created_timestamp&quot;:&quot;1555568578&quot;,&quot;copyright&quot;:&quot;&quot;,&quot;focal_length&quot;:&quot;58&quot;,&quot;iso&quot;:&quot;400&quot;,&quot;shutter_speed&quot;:&quot;0.005&quot;,&quot;title&quot;:&quot;&quot;,&quot;orientation&quot;:&quot;0&quot;}\" data-image-title=\"DSC_4794\" data-image-description=\"\" data-image-caption=\"\" data-large-file=\"https:\/\/sunnehofai.ch\/wp-content\/uploads\/2019\/05\/DSC_4794-1024x684.jpg\" src=\"https:\/\/sunnehofai.ch\/wp-content\/uploads\/2019\/05\/DSC_4794-1024x684.jpg\" alt=\"\" class=\"wp-image-743\" srcset=\"https:\/\/sunnehofai.ch\/wp-content\/uploads\/2019\/05\/DSC_4794-1024x684.jpg 1024w, https:\/\/sunnehofai.ch\/wp-content\/uploads\/2019\/05\/DSC_4794-300x200.jpg 300w, https:\/\/sunnehofai.ch\/wp-content\/uploads\/2019\/05\/DSC_4794-768x513.jpg 768w\" sizes=\"auto, (max-width: 1024px) 100vw, 1024px\" \/><\/figure>\n\n\n\n<p>Von unseren Hochstammb\u00e4umen ernten und verkaufen wir Kirschen, Zwetschgen, \u00c4pfel,<br>Birnen, Quitten. Im Sp\u00e4tsommer reifen die Feigen und sp\u00e4ter auch Marroni.<\/p>\n\n\n\n<p><br>Jeden Freitag gibt es nat\u00fcrlich auch frisches Brot, Zopf und Backwaren. Bl\u00e4tterteig,<br>Kuchenteig, sogar Gipfeli. Alles wird frisch in unserer hofeigenen Backstube mit frischen,<br>nat\u00fcrlichen Zutaten hergestellt.<\/p>\n\n\n\n<figure class=\"wp-block-image size-full\"><img decoding=\"async\" data-attachment-id=\"2606\" data-permalink=\"https:\/\/sunnehofai.ch\/?attachment_id=2606\" data-orig-file=\"https:\/\/sunnehofai.ch\/wp-content\/uploads\/2023\/04\/042_Bischofberger_Oberegg.jpg\" data-orig-size=\"\" data-comments-opened=\"0\" data-image-meta=\"[]\" data-image-title=\"042_Bischofberger_Oberegg\" data-image-description=\"\" data-image-caption=\"\" data-large-file=\"https:\/\/sunnehofai.ch\/wp-content\/uploads\/2023\/04\/042_Bischofberger_Oberegg.jpg\" src=\"https:\/\/sunnehofai.ch\/wp-content\/uploads\/2023\/04\/042_Bischofberger_Oberegg.jpg\" alt=\"\" class=\"wp-image-2606\"\/><\/figure>\n\n\n\n<p><br>Saisonale Produkte wie naturgef\u00e4rbte Ostereier und feine Weihnachtsguetzli runden unser<br>vielseitiges Angebot ab.<\/p>\n","protected":false},"excerpt":{"rendered":"<p>Jeden Freitag von Anfangs April bis Ende November verkaufen wir am St.Galler Bauernmarktan unserem Marktstand unsere Produkte. F\u00fcr unsere aromatischen Tomaten sind wir bekannt. Zucchetti, Buschbohnen, Snackgurken,K\u00fcrbis. Je nach Saison gibt\u2019s das entsprechende Gem\u00fcse. Besonders beliebt sind auch unsere herrlichen Erdbeeren. Himbeeren, Heidelbeeren,Johannisbeeren gelb, rot, schwarz, auch Brombeeren wachsen bei uns an unserer sonnigenLage. Gem\u00fcse [&hellip;]<\/p>\n","protected":false},"author":2,"featured_media":0,"parent":0,"menu_order":0,"comment_status":"closed","ping_status":"closed","template":"","meta":{"zakra_page_container_layout":"centered","zakra_page_sidebar_layout":"no_sidebar","zakra_remove_content_margin":false,"zakra_sidebar":"customizer","zakra_transparent_header":"0","zakra_logo":0,"zakra_main_header_style":"default","zakra_menu_item_color":"","zakra_menu_item_hover_color":"","zakra_menu_item_active_color":"","zakra_menu_active_style":"","zakra_page_header":true,"footnotes":""},"class_list":["post-89","page","type-page","status-publish","hentry"],"jetpack_sharing_enabled":true,"jetpack-related-posts":[{"id":62,"url":"https:\/\/sunnehofai.ch\/?page_id=62","url_meta":{"origin":89,"position":0},"title":"Familie","author":"Leandra","date":"M\u00e4rz 11, 2019","format":false,"excerpt":"Leandra besuchte die P\u00e4dagoische Hochschule in Kreuzlingen und arbeitet jetzt als Lehrerin. In ihrer Freizeit ist sie viel mit ihrer Fotokamera anzutreffen. Sie liebt es sich sportlich zu bet\u00e4tigen und die Familie kulinarisch zu verw\u00f6hnen. Lukas arbeitet bei einem ETH Spinoff als Software Ingenieur, ist Weltenbummler und begeisterter Hobbyfotograf. Aus\u2026","rel":"","context":"\u00c4hnlicher Beitrag","block_context":{"text":"\u00c4hnlicher Beitrag","link":""},"img":{"alt_text":"","src":"https:\/\/i0.wp.com\/sunnehofai.ch\/wp-content\/uploads\/2019\/04\/lukas.jpg?resize=350%2C200&ssl=1","width":350,"height":200},"classes":[]},{"id":68,"url":"https:\/\/sunnehofai.ch\/?page_id=68","url_meta":{"origin":89,"position":1},"title":"Betrieb","author":"Leandra","date":"M\u00e4rz 11, 2019","format":false,"excerpt":"Mit Sicht auf das Vorarlberg, verw\u00f6hnt von Sonne und umgeben von steilen Wiesenh\u00e4ngenleben wir auf unserem Bio-Landwirtschaftsbetrieb. Auf 650m \u00fc. M. in der BZ 1 bewirtschaften wir seit 1989 unseren Hof. Seit 1991 produzierenwir nach den Richtlinien der Bio Suisse, nach dem Motto: ist die Knospe drauf ist Bio drin.\u2026","rel":"","context":"\u00c4hnlicher Beitrag","block_context":{"text":"\u00c4hnlicher Beitrag","link":""},"img":{"alt_text":"","src":"https:\/\/i0.wp.com\/sunnehofai.ch\/wp-content\/uploads\/2023\/04\/WhatsApp-Image-2023-03-25-at-08.49.57-1-1.jpeg?resize=350%2C200&ssl=1","width":350,"height":200,"srcset":"https:\/\/i0.wp.com\/sunnehofai.ch\/wp-content\/uploads\/2023\/04\/WhatsApp-Image-2023-03-25-at-08.49.57-1-1.jpeg?resize=350%2C200&ssl=1 1x, https:\/\/i0.wp.com\/sunnehofai.ch\/wp-content\/uploads\/2023\/04\/WhatsApp-Image-2023-03-25-at-08.49.57-1-1.jpeg?resize=525%2C300&ssl=1 1.5x, https:\/\/i0.wp.com\/sunnehofai.ch\/wp-content\/uploads\/2023\/04\/WhatsApp-Image-2023-03-25-at-08.49.57-1-1.jpeg?resize=700%2C400&ssl=1 2x, https:\/\/i0.wp.com\/sunnehofai.ch\/wp-content\/uploads\/2023\/04\/WhatsApp-Image-2023-03-25-at-08.49.57-1-1.jpeg?resize=1050%2C600&ssl=1 3x, https:\/\/i0.wp.com\/sunnehofai.ch\/wp-content\/uploads\/2023\/04\/WhatsApp-Image-2023-03-25-at-08.49.57-1-1.jpeg?resize=1400%2C800&ssl=1 4x"},"classes":[]},{"id":422,"url":"https:\/\/sunnehofai.ch\/?page_id=422","url_meta":{"origin":89,"position":2},"title":"1. August-Brunch","author":"Leandra","date":"Mai 5, 2019","format":false,"excerpt":"Kaum zu glauben: Seit mehr als 25 Jahren \u00f6ffnen Schweizer Bauernfamilien am Nationalfeiertag T\u00fcr und Tor und laden zum beliebten 1. August-Brunch auf dem Bauernhof. Auf unserem Hof bieten wir dieses Jahr den 1. August-Brunch an. Anmeldungen werden gerne bis zum 31.Juli \u00fcber Email oder Telefon entgegengenommen. Telefon: 071 744\u2026","rel":"","context":"\u00c4hnlicher Beitrag","block_context":{"text":"\u00c4hnlicher Beitrag","link":""},"img":{"alt_text":"","src":"https:\/\/i0.wp.com\/sunnehofai.ch\/wp-content\/uploads\/2019\/05\/DSC_5731.jpg?resize=350%2C200&ssl=1","width":350,"height":200,"srcset":"https:\/\/i0.wp.com\/sunnehofai.ch\/wp-content\/uploads\/2019\/05\/DSC_5731.jpg?resize=350%2C200&ssl=1 1x, https:\/\/i0.wp.com\/sunnehofai.ch\/wp-content\/uploads\/2019\/05\/DSC_5731.jpg?resize=525%2C300&ssl=1 1.5x, https:\/\/i0.wp.com\/sunnehofai.ch\/wp-content\/uploads\/2019\/05\/DSC_5731.jpg?resize=700%2C400&ssl=1 2x, https:\/\/i0.wp.com\/sunnehofai.ch\/wp-content\/uploads\/2019\/05\/DSC_5731.jpg?resize=1050%2C600&ssl=1 3x, https:\/\/i0.wp.com\/sunnehofai.ch\/wp-content\/uploads\/2019\/05\/DSC_5731.jpg?resize=1400%2C800&ssl=1 4x"},"classes":[]},{"id":113,"url":"https:\/\/sunnehofai.ch\/?page_id=113","url_meta":{"origin":89,"position":3},"title":"Knospe","author":"Leandra","date":"M\u00e4rz 11, 2019","format":false,"excerpt":"Seit 1981 haben sich die Schweizer Biobauern und Biob\u00e4uerinnen zur\u00a0Bio Suissezusammengeschlossen und sich auf ein Label (die Knospe) sowie einheitliche Richtlinien auf hohem \u00f6kologischem Niveau geeinigt. Gut 6500 Betriebe sind berechtigt sich mit dem Knospe Label auszuzeichnen. Rund acht Prozent der landwirtschaftlich genutzten Fl\u00e4che werden nach den Richtlinien der Bio\u2026","rel":"","context":"\u00c4hnlicher Beitrag","block_context":{"text":"\u00c4hnlicher Beitrag","link":""},"img":{"alt_text":"","src":"https:\/\/i0.wp.com\/sunnehofai.ch\/wp-content\/uploads\/2020\/01\/Knospenballon.gif?resize=350%2C200&ssl=1","width":350,"height":200,"srcset":"https:\/\/i0.wp.com\/sunnehofai.ch\/wp-content\/uploads\/2020\/01\/Knospenballon.gif?resize=350%2C200&ssl=1 1x, https:\/\/i0.wp.com\/sunnehofai.ch\/wp-content\/uploads\/2020\/01\/Knospenballon.gif?resize=525%2C300&ssl=1 1.5x"},"classes":[]}],"_links":{"self":[{"href":"https:\/\/sunnehofai.ch\/index.php?rest_route=\/wp\/v2\/pages\/89","targetHints":{"allow":["GET"]}}],"collection":[{"href":"https:\/\/sunnehofai.ch\/index.php?rest_route=\/wp\/v2\/pages"}],"about":[{"href":"https:\/\/sunnehofai.ch\/index.php?rest_route=\/wp\/v2\/types\/page"}],"author":[{"embeddable":true,"href":"https:\/\/sunnehofai.ch\/index.php?rest_route=\/wp\/v2\/users\/2"}],"replies":[{"embeddable":true,"href":"https:\/\/sunnehofai.ch\/index.php?rest_route=%2Fwp%2Fv2%2Fcomments&post=89"}],"version-history":[{"count":21,"href":"https:\/\/sunnehofai.ch\/index.php?rest_route=\/wp\/v2\/pages\/89\/revisions"}],"predecessor-version":[{"id":2610,"href":"https:\/\/sunnehofai.ch\/index.php?rest_route=\/wp\/v2\/pages\/89\/revisions\/2610"}],"wp:attachment":[{"href":"https:\/\/sunnehofai.ch\/index.php?rest_route=%2Fwp%2Fv2%2Fmedia&parent=89"}],"curies":[{"name":"wp","href":"https:\/\/api.w.org\/{rel}","templated":true}]}}