{"id":95,"date":"2019-03-11T18:40:28","date_gmt":"2019-03-11T18:40:28","guid":{"rendered":"https:\/\/wp.sunnehofai.ch\/?page_id=95"},"modified":"2024-01-08T20:55:04","modified_gmt":"2024-01-08T20:55:04","slug":"photovoltaik","status":"publish","type":"page","link":"https:\/\/sunnehofai.ch\/?page_id=95","title":{"rendered":"Photovoltaik"},"content":{"rendered":"\n<p><strong>Sommer 2023<\/strong><br>Wir haben die PV Anlage um 50kWp erweitert. Davon beziehen wir den Strom f\u00fcr unseren t\u00e4glichen Bedarf. Der Rest wird ins \u00f6ffentliche Netz eingespiesen. Gesamthaft liefert die gesamte Anlage nun 150kWp.<\/p>\n\n\n\n<figure class=\"wp-block-image size-large\"><img loading=\"lazy\" decoding=\"async\" width=\"1024\" height=\"462\" data-attachment-id=\"2689\" data-permalink=\"https:\/\/sunnehofai.ch\/?attachment_id=2689\" data-orig-file=\"https:\/\/sunnehofai.ch\/wp-content\/uploads\/2024\/01\/WhatsApp-Image-2024-01-08-at-09.48.46.jpeg\" data-orig-size=\"2048,923\" data-comments-opened=\"0\" data-image-meta=\"{&quot;aperture&quot;:&quot;0&quot;,&quot;credit&quot;:&quot;&quot;,&quot;camera&quot;:&quot;&quot;,&quot;caption&quot;:&quot;&quot;,&quot;created_timestamp&quot;:&quot;0&quot;,&quot;copyright&quot;:&quot;&quot;,&quot;focal_length&quot;:&quot;0&quot;,&quot;iso&quot;:&quot;0&quot;,&quot;shutter_speed&quot;:&quot;0&quot;,&quot;title&quot;:&quot;&quot;,&quot;orientation&quot;:&quot;0&quot;}\" data-image-title=\"WhatsApp-Image-2024-01-08-at-09.48.46\" data-image-description=\"\" data-image-caption=\"\" data-large-file=\"https:\/\/sunnehofai.ch\/wp-content\/uploads\/2024\/01\/WhatsApp-Image-2024-01-08-at-09.48.46-1024x462.jpeg\" src=\"https:\/\/sunnehofai.ch\/wp-content\/uploads\/2024\/01\/WhatsApp-Image-2024-01-08-at-09.48.46-1024x462.jpeg\" alt=\"\" class=\"wp-image-2689\" srcset=\"https:\/\/sunnehofai.ch\/wp-content\/uploads\/2024\/01\/WhatsApp-Image-2024-01-08-at-09.48.46-1024x462.jpeg 1024w, https:\/\/sunnehofai.ch\/wp-content\/uploads\/2024\/01\/WhatsApp-Image-2024-01-08-at-09.48.46-300x135.jpeg 300w, https:\/\/sunnehofai.ch\/wp-content\/uploads\/2024\/01\/WhatsApp-Image-2024-01-08-at-09.48.46-768x346.jpeg 768w, https:\/\/sunnehofai.ch\/wp-content\/uploads\/2024\/01\/WhatsApp-Image-2024-01-08-at-09.48.46-1536x692.jpeg 1536w, https:\/\/sunnehofai.ch\/wp-content\/uploads\/2024\/01\/WhatsApp-Image-2024-01-08-at-09.48.46.jpeg 2048w\" sizes=\"auto, (max-width: 1024px) 100vw, 1024px\" \/><\/figure>\n\n\n\n<figure class=\"wp-block-image size-large\"><img loading=\"lazy\" decoding=\"async\" width=\"1024\" height=\"462\" data-attachment-id=\"2690\" data-permalink=\"https:\/\/sunnehofai.ch\/?attachment_id=2690\" data-orig-file=\"https:\/\/sunnehofai.ch\/wp-content\/uploads\/2024\/01\/WhatsApp-Image-2024-01-08-at-09.48.12-1.jpeg\" data-orig-size=\"2048,923\" data-comments-opened=\"0\" data-image-meta=\"{&quot;aperture&quot;:&quot;0&quot;,&quot;credit&quot;:&quot;&quot;,&quot;camera&quot;:&quot;&quot;,&quot;caption&quot;:&quot;&quot;,&quot;created_timestamp&quot;:&quot;0&quot;,&quot;copyright&quot;:&quot;&quot;,&quot;focal_length&quot;:&quot;0&quot;,&quot;iso&quot;:&quot;0&quot;,&quot;shutter_speed&quot;:&quot;0&quot;,&quot;title&quot;:&quot;&quot;,&quot;orientation&quot;:&quot;0&quot;}\" data-image-title=\"WhatsApp-Image-2024-01-08-at-09.48.12-1\" data-image-description=\"\" data-image-caption=\"\" data-large-file=\"https:\/\/sunnehofai.ch\/wp-content\/uploads\/2024\/01\/WhatsApp-Image-2024-01-08-at-09.48.12-1-1024x462.jpeg\" src=\"https:\/\/sunnehofai.ch\/wp-content\/uploads\/2024\/01\/WhatsApp-Image-2024-01-08-at-09.48.12-1-1024x462.jpeg\" alt=\"\" class=\"wp-image-2690\" srcset=\"https:\/\/sunnehofai.ch\/wp-content\/uploads\/2024\/01\/WhatsApp-Image-2024-01-08-at-09.48.12-1-1024x462.jpeg 1024w, https:\/\/sunnehofai.ch\/wp-content\/uploads\/2024\/01\/WhatsApp-Image-2024-01-08-at-09.48.12-1-300x135.jpeg 300w, https:\/\/sunnehofai.ch\/wp-content\/uploads\/2024\/01\/WhatsApp-Image-2024-01-08-at-09.48.12-1-768x346.jpeg 768w, https:\/\/sunnehofai.ch\/wp-content\/uploads\/2024\/01\/WhatsApp-Image-2024-01-08-at-09.48.12-1-1536x692.jpeg 1536w, https:\/\/sunnehofai.ch\/wp-content\/uploads\/2024\/01\/WhatsApp-Image-2024-01-08-at-09.48.12-1.jpeg 2048w\" sizes=\"auto, (max-width: 1024px) 100vw, 1024px\" \/><\/figure>\n\n\n\n<p><\/p>\n\n\n\n<p><strong>Juni 2012<\/strong><br>Aus den Solarzellen entsteht Gleichstrom, welcher in den Wechselrichtern in Wechselstrom umgewandelt wird und so ins \u00f6ffentliche Netz eingespiesen werden kann.<\/p>\n\n\n\n<p>Die Stromproduktion auf dem Dach wird vom Bund mittels CO<sup>2<\/sup>&nbsp;Abgabe unterst\u00fctzt.<\/p>\n\n\n\n<p>Im Juni 2012 konnten wir die bestehende Anlage erweitern. Die ganze Photovoltaikanlage liefert nun 100 kWp.<\/p>\n\n\n\n<figure class=\"wp-block-image size-large\"><img loading=\"lazy\" decoding=\"async\" width=\"1024\" height=\"768\" data-attachment-id=\"2636\" data-permalink=\"https:\/\/sunnehofai.ch\/?attachment_id=2636\" data-orig-file=\"https:\/\/sunnehofai.ch\/wp-content\/uploads\/2023\/04\/WhatsApp-Image-2023-03-25-at-09.10.13-1.jpeg\" data-orig-size=\"1984,1488\" data-comments-opened=\"0\" data-image-meta=\"{&quot;aperture&quot;:&quot;0&quot;,&quot;credit&quot;:&quot;&quot;,&quot;camera&quot;:&quot;&quot;,&quot;caption&quot;:&quot;&quot;,&quot;created_timestamp&quot;:&quot;0&quot;,&quot;copyright&quot;:&quot;&quot;,&quot;focal_length&quot;:&quot;0&quot;,&quot;iso&quot;:&quot;0&quot;,&quot;shutter_speed&quot;:&quot;0&quot;,&quot;title&quot;:&quot;&quot;,&quot;orientation&quot;:&quot;0&quot;}\" data-image-title=\"WhatsApp-Image-2023-03-25-at-09.10.13-1\" data-image-description=\"\" data-image-caption=\"\" data-large-file=\"https:\/\/sunnehofai.ch\/wp-content\/uploads\/2023\/04\/WhatsApp-Image-2023-03-25-at-09.10.13-1-1024x768.jpeg\" src=\"https:\/\/sunnehofai.ch\/wp-content\/uploads\/2023\/04\/WhatsApp-Image-2023-03-25-at-09.10.13-1-1024x768.jpeg\" alt=\"\" class=\"wp-image-2636\" srcset=\"https:\/\/sunnehofai.ch\/wp-content\/uploads\/2023\/04\/WhatsApp-Image-2023-03-25-at-09.10.13-1-1024x768.jpeg 1024w, https:\/\/sunnehofai.ch\/wp-content\/uploads\/2023\/04\/WhatsApp-Image-2023-03-25-at-09.10.13-1-300x225.jpeg 300w, https:\/\/sunnehofai.ch\/wp-content\/uploads\/2023\/04\/WhatsApp-Image-2023-03-25-at-09.10.13-1-768x576.jpeg 768w, https:\/\/sunnehofai.ch\/wp-content\/uploads\/2023\/04\/WhatsApp-Image-2023-03-25-at-09.10.13-1-1536x1152.jpeg 1536w, https:\/\/sunnehofai.ch\/wp-content\/uploads\/2023\/04\/WhatsApp-Image-2023-03-25-at-09.10.13-1.jpeg 1984w\" sizes=\"auto, (max-width: 1024px) 100vw, 1024px\" \/><\/figure>\n\n\n\n<figure class=\"wp-block-image size-large\"><img loading=\"lazy\" decoding=\"async\" width=\"1000\" height=\"327\" data-attachment-id=\"1080\" data-permalink=\"https:\/\/sunnehofai.ch\/?attachment_id=1080\" data-orig-file=\"https:\/\/sunnehofai.ch\/wp-content\/uploads\/2020\/01\/photovoltaik1-1.jpg\" data-orig-size=\"1000,327\" data-comments-opened=\"1\" data-image-meta=\"{&quot;aperture&quot;:&quot;0&quot;,&quot;credit&quot;:&quot;&quot;,&quot;camera&quot;:&quot;&quot;,&quot;caption&quot;:&quot;&quot;,&quot;created_timestamp&quot;:&quot;0&quot;,&quot;copyright&quot;:&quot;&quot;,&quot;focal_length&quot;:&quot;0&quot;,&quot;iso&quot;:&quot;0&quot;,&quot;shutter_speed&quot;:&quot;0&quot;,&quot;title&quot;:&quot;&quot;,&quot;orientation&quot;:&quot;0&quot;}\" data-image-title=\"photovoltaik1-1\" data-image-description=\"\" data-image-caption=\"\" data-large-file=\"https:\/\/sunnehofai.ch\/wp-content\/uploads\/2020\/01\/photovoltaik1-1.jpg\" src=\"https:\/\/sunnehofai.ch\/wp-content\/uploads\/2020\/01\/photovoltaik1-1.jpg\" alt=\"Photovoltaikanlage\" class=\"wp-image-1080\" srcset=\"https:\/\/sunnehofai.ch\/wp-content\/uploads\/2020\/01\/photovoltaik1-1.jpg 1000w, https:\/\/sunnehofai.ch\/wp-content\/uploads\/2020\/01\/photovoltaik1-1-300x98.jpg 300w, https:\/\/sunnehofai.ch\/wp-content\/uploads\/2020\/01\/photovoltaik1-1-768x251.jpg 768w\" sizes=\"auto, (max-width: 1000px) 100vw, 1000px\" \/><\/figure>\n\n\n\n<p><strong>Dezember 2007<\/strong><br>Im Dezember 2007 nahmen wir unsere Photovoltaikanlage in Betrieb. Die Anlage produziert j\u00e4hrlich ca. 17 kWp, das reicht f\u00fcr 4-5 Einfamilienh\u00e4user. Die Solarstromproduktion auf dem Stalldach ist eine nachhaltige Art erneuerbare Energie zu produzieren.<\/p>\n\n\n\n<p><strong>Link:&nbsp;<a href=\"http:\/\/www.swisssolar.ch\/\" target=\"_blank\" rel=\"noreferrer noopener\">www.swisssolar.ch<\/a><\/strong><\/p>\n","protected":false},"excerpt":{"rendered":"<p>Sommer 2023Wir haben die PV Anlage um 50kWp erweitert. Davon beziehen wir den Strom f\u00fcr unseren t\u00e4glichen Bedarf. Der Rest wird ins \u00f6ffentliche Netz eingespiesen. Gesamthaft liefert die gesamte Anlage nun 150kWp. Juni 2012Aus den Solarzellen entsteht Gleichstrom, welcher in den Wechselrichtern in Wechselstrom umgewandelt wird und so ins \u00f6ffentliche Netz eingespiesen werden kann. Die [&hellip;]<\/p>\n","protected":false},"author":2,"featured_media":0,"parent":0,"menu_order":0,"comment_status":"closed","ping_status":"closed","template":"","meta":{"zakra_page_container_layout":"customizer","zakra_page_sidebar_layout":"customizer","zakra_remove_content_margin":false,"zakra_sidebar":"customizer","zakra_transparent_header":"0","zakra_logo":0,"zakra_main_header_style":"default","zakra_menu_item_color":"","zakra_menu_item_hover_color":"","zakra_menu_item_active_color":"","zakra_menu_active_style":"","zakra_page_header":true,"footnotes":""},"class_list":["post-95","page","type-page","status-publish","hentry"],"jetpack_sharing_enabled":true,"jetpack-related-posts":[{"id":2664,"url":"https:\/\/sunnehofai.ch\/?page_id=2664","url_meta":{"origin":95,"position":0},"title":"Biodiversit\u00e4t","author":"Leandra","date":"September 8, 2023","format":false,"excerpt":"Als Beitrag zum Uno Jahr der Biodiversit\u00e4t 2010 haben wir eine bestehende Hecke mit Wildobststauden erg\u00e4nzt. Zu den bekannten Heckenpflanzen wie Schwarzdorn, Weissdorn, Berberitze, Liguster, Schwarzer Holunder, Hagebutte, Hartriegel und Schneeball gesellen sich nun Sanddorn, Roter Holunder, Wacholder, Mispel, Pfaffenh\u00fctchen, Felsenbirne, Eberesche (Vogelbeere), Sauerkirschen, Kornelkirschen und Speierling.Die Hecke bietet nebst\u2026","rel":"","context":"\u00c4hnlicher Beitrag","block_context":{"text":"\u00c4hnlicher Beitrag","link":""},"img":{"alt_text":"","src":"https:\/\/i0.wp.com\/sunnehofai.ch\/wp-content\/uploads\/2023\/09\/WhatsApp-Image-2023-03-25-at-09.15.12-1024x462-1.jpeg?resize=350%2C200&ssl=1","width":350,"height":200,"srcset":"https:\/\/i0.wp.com\/sunnehofai.ch\/wp-content\/uploads\/2023\/09\/WhatsApp-Image-2023-03-25-at-09.15.12-1024x462-1.jpeg?resize=350%2C200&ssl=1 1x, https:\/\/i0.wp.com\/sunnehofai.ch\/wp-content\/uploads\/2023\/09\/WhatsApp-Image-2023-03-25-at-09.15.12-1024x462-1.jpeg?resize=525%2C300&ssl=1 1.5x, https:\/\/i0.wp.com\/sunnehofai.ch\/wp-content\/uploads\/2023\/09\/WhatsApp-Image-2023-03-25-at-09.15.12-1024x462-1.jpeg?resize=700%2C400&ssl=1 2x"},"classes":[]}],"_links":{"self":[{"href":"https:\/\/sunnehofai.ch\/index.php?rest_route=\/wp\/v2\/pages\/95","targetHints":{"allow":["GET"]}}],"collection":[{"href":"https:\/\/sunnehofai.ch\/index.php?rest_route=\/wp\/v2\/pages"}],"about":[{"href":"https:\/\/sunnehofai.ch\/index.php?rest_route=\/wp\/v2\/types\/page"}],"author":[{"embeddable":true,"href":"https:\/\/sunnehofai.ch\/index.php?rest_route=\/wp\/v2\/users\/2"}],"replies":[{"embeddable":true,"href":"https:\/\/sunnehofai.ch\/index.php?rest_route=%2Fwp%2Fv2%2Fcomments&post=95"}],"version-history":[{"count":4,"href":"https:\/\/sunnehofai.ch\/index.php?rest_route=\/wp\/v2\/pages\/95\/revisions"}],"predecessor-version":[{"id":2691,"href":"https:\/\/sunnehofai.ch\/index.php?rest_route=\/wp\/v2\/pages\/95\/revisions\/2691"}],"wp:attachment":[{"href":"https:\/\/sunnehofai.ch\/index.php?rest_route=%2Fwp%2Fv2%2Fmedia&parent=95"}],"curies":[{"name":"wp","href":"https:\/\/api.w.org\/{rel}","templated":true}]}}